{"id":6619,"date":"2023-10-03T15:38:44","date_gmt":"2023-10-03T13:38:44","guid":{"rendered":"https:\/\/training.eudroneport.com\/vielen-dank-a1-a3\/"},"modified":"2025-06-13T13:05:03","modified_gmt":"2025-06-13T11:05:03","slug":"vielen-dank-a1-a3","status":"publish","type":"page","link":"https:\/\/training.eudroneport.com\/de\/vielen-dank-a1-a3\/","title":{"rendered":"Vielen Dank A1\/A3"},"content":{"rendered":"\t\t<div data-elementor-type=\"wp-page\" data-elementor-id=\"6619\" class=\"elementor elementor-6619 elementor-993\" data-elementor-post-type=\"page\">\n\t\t\t\t\t\t<section class=\"elementor-section elementor-top-section elementor-element elementor-element-f452344 elementor-section-height-min-height elementor-section-boxed elementor-section-height-default elementor-section-items-middle\" data-id=\"f452344\" data-element_type=\"section\" data-e-type=\"section\" data-settings=\"{&quot;background_background&quot;:&quot;classic&quot;,&quot;shape_divider_bottom&quot;:&quot;tilt&quot;}\">\n\t\t\t\t\t<div class=\"elementor-shape elementor-shape-bottom\" aria-hidden=\"true\" data-negative=\"false\">\n\t\t\t<svg xmlns=\"http:\/\/www.w3.org\/2000\/svg\" viewBox=\"0 0 1000 100\" preserveAspectRatio=\"none\">\n\t<path class=\"elementor-shape-fill\" d=\"M0,6V0h1000v100L0,6z\"\/>\n<\/svg>\t\t<\/div>\n\t\t\t\t\t<div class=\"elementor-container elementor-column-gap-default\">\n\t\t\t\t\t<div class=\"elementor-column elementor-col-50 elementor-top-column elementor-element elementor-element-2668470 elementor-hidden-mobile\" data-id=\"2668470\" data-element_type=\"column\" data-e-type=\"column\">\n\t\t\t<div class=\"elementor-widget-wrap\">\n\t\t\t\t\t\t\t<\/div>\n\t\t<\/div>\n\t\t\t\t<div class=\"elementor-column elementor-col-50 elementor-top-column elementor-element elementor-element-2f7e03f\" data-id=\"2f7e03f\" data-element_type=\"column\" data-e-type=\"column\" data-settings=\"{&quot;background_background&quot;:&quot;classic&quot;}\">\n\t\t\t<div class=\"elementor-widget-wrap elementor-element-populated\">\n\t\t\t\t\t\t<div class=\"elementor-element elementor-element-fbfafde elementor-widget elementor-widget-heading\" data-id=\"fbfafde\" data-element_type=\"widget\" data-e-type=\"widget\" data-widget_type=\"heading.default\">\n\t\t\t\t<div class=\"elementor-widget-container\">\n\t\t\t\t\t<h2 class=\"elementor-heading-title elementor-size-default\">Erfolgreiche Zahlung!<\/h2>\t\t\t\t<\/div>\n\t\t\t\t<\/div>\n\t\t\t\t<div class=\"elementor-element elementor-element-5b92f71 elementor-widget elementor-widget-heading\" data-id=\"5b92f71\" data-element_type=\"widget\" data-e-type=\"widget\" data-widget_type=\"heading.default\">\n\t\t\t\t<div class=\"elementor-widget-container\">\n\t\t\t\t\t<p class=\"elementor-heading-title elementor-size-default\">Sie sind jetzt einen Schritt n\u00e4her dran, ein Profi-Pilot zu werden.\n\nWir werden Sie umgehend kontaktieren und Ihnen den Benutzernamen und das Passwort f\u00fcr den Zugriff auf den Kursinhalt mitteilen.  <\/p>\t\t\t\t<\/div>\n\t\t\t\t<\/div>\n\t\t\t\t<div class=\"elementor-element elementor-element-e942ac9 elementor-widget elementor-widget-heading\" data-id=\"e942ac9\" data-element_type=\"widget\" data-e-type=\"widget\" data-widget_type=\"heading.default\">\n\t\t\t\t<div class=\"elementor-widget-container\">\n\t\t\t\t\t<p class=\"elementor-heading-title elementor-size-default\">Sie m\u00f6chten uns kontaktieren?\n\n\n\n\n\n\n<\/p>\t\t\t\t<\/div>\n\t\t\t\t<\/div>\n\t\t\t\t<div class=\"elementor-element elementor-element-4aacb5f elementor-icon-list--layout-traditional elementor-list-item-link-full_width elementor-widget elementor-widget-icon-list\" data-id=\"4aacb5f\" data-element_type=\"widget\" data-e-type=\"widget\" data-widget_type=\"icon-list.default\">\n\t\t\t\t<div class=\"elementor-widget-container\">\n\t\t\t\t\t\t\t<ul class=\"elementor-icon-list-items\">\n\t\t\t\t\t\t\t<li class=\"elementor-icon-list-item\">\n\t\t\t\t\t\t\t\t\t\t\t<a href=\"mailto:training@eudroneport.com\" target=\"_blank\" rel=\"nofollow\">\n\n\t\t\t\t\t\t\t\t\t\t\t\t<span class=\"elementor-icon-list-icon\">\n\t\t\t\t\t\t\t<i aria-hidden=\"true\" class=\"far fa-envelope\"><\/i>\t\t\t\t\t\t<\/span>\n\t\t\t\t\t\t\t\t\t\t<span class=\"elementor-icon-list-text\">training@eudroneport.com<\/span>\n\t\t\t\t\t\t\t\t\t\t\t<\/a>\n\t\t\t\t\t\t\t\t\t<\/li>\n\t\t\t\t\t\t\t\t<li class=\"elementor-icon-list-item\">\n\t\t\t\t\t\t\t\t\t\t\t<a href=\"tel:+34936296979%20\" target=\"_blank\" rel=\"nofollow\">\n\n\t\t\t\t\t\t\t\t\t\t\t\t<span class=\"elementor-icon-list-icon\">\n\t\t\t\t\t\t\t<i aria-hidden=\"true\" class=\"fas fa-times\"><\/i>\t\t\t\t\t\t<\/span>\n\t\t\t\t\t\t\t\t\t\t<span class=\"elementor-icon-list-text\">(+34) 93 629 69 79  <\/span>\n\t\t\t\t\t\t\t\t\t\t\t<\/a>\n\t\t\t\t\t\t\t\t\t<\/li>\n\t\t\t\t\t\t<\/ul>\n\t\t\t\t\t\t<\/div>\n\t\t\t\t<\/div>\n\t\t\t\t\t<\/div>\n\t\t<\/div>\n\t\t\t\t\t<\/div>\n\t\t<\/section>\n\t\t\t\t<\/div>\n\t\t","protected":false},"excerpt":{"rendered":"<p>Erfolgreiche Zahlung! Sie sind jetzt einen Schritt n\u00e4her dran, ein Profi-Pilot zu werden. Wir werden Sie umgehend kontaktieren und Ihnen den Benutzernamen und das Passwort f\u00fcr den Zugriff auf den Kursinhalt mitteilen. Sie m\u00f6chten uns kontaktieren? training@eudroneport.com (+34) 93 629 69 79<\/p>\n","protected":false},"author":2,"featured_media":0,"parent":0,"menu_order":0,"comment_status":"closed","ping_status":"closed","template":"","meta":{"_acf_changed":false,"inline_featured_image":false,"_monsterinsights_skip_tracking":false,"_monsterinsights_sitenote_active":false,"_monsterinsights_sitenote_note":"","_monsterinsights_sitenote_category":0,"footnotes":""},"class_list":["post-6619","page","type-page","status-publish","hentry"],"acf":[],"yoast_head":"<!-- This site is optimized with the Yoast SEO plugin v27.4 - https:\/\/yoast.com\/product\/yoast-seo-wordpress\/ -->\n<title>Vielen Dank A1\/A3 - EU Drone Port Training<\/title>\n<meta name=\"robots\" content=\"noindex, follow\" \/>\n<meta property=\"og:locale\" content=\"de_DE\" \/>\n<meta property=\"og:type\" content=\"article\" \/>\n<meta property=\"og:title\" content=\"Vielen Dank A1\/A3 - EU Drone Port Training\" \/>\n<meta property=\"og:description\" content=\"Erfolgreiche Zahlung! Sie sind jetzt einen Schritt n\u00e4her dran, ein Profi-Pilot zu werden. Wir werden Sie umgehend kontaktieren und Ihnen den Benutzernamen und das Passwort f\u00fcr den Zugriff auf den Kursinhalt mitteilen. Sie m\u00f6chten uns kontaktieren? training@eudroneport.com (+34) 93 629 69 79\" \/>\n<meta property=\"og:url\" content=\"https:\/\/training.eudroneport.com\/de\/?page_id=6619\" \/>\n<meta property=\"og:site_name\" content=\"EU Drone Port Training\" \/>\n<meta property=\"article:modified_time\" content=\"2025-06-13T11:05:03+00:00\" \/>\n<meta name=\"twitter:card\" content=\"summary_large_image\" \/>\n<script type=\"application\/ld+json\" class=\"yoast-schema-graph\">{\"@context\":\"https:\\\/\\\/schema.org\",\"@graph\":[{\"@type\":\"WebPage\",\"@id\":\"https:\\\/\\\/training.eudroneport.com\\\/de\\\/?page_id=6619\",\"url\":\"https:\\\/\\\/training.eudroneport.com\\\/de\\\/?page_id=6619\",\"name\":\"Vielen Dank A1\\\/A3 - EU Drone Port Training\",\"isPartOf\":{\"@id\":\"https:\\\/\\\/training.eudroneport.com\\\/#website\"},\"datePublished\":\"2023-10-03T13:38:44+00:00\",\"dateModified\":\"2025-06-13T11:05:03+00:00\",\"breadcrumb\":{\"@id\":\"https:\\\/\\\/training.eudroneport.com\\\/de\\\/?page_id=6619#breadcrumb\"},\"inLanguage\":\"de\",\"potentialAction\":[{\"@type\":\"ReadAction\",\"target\":[\"https:\\\/\\\/training.eudroneport.com\\\/de\\\/?page_id=6619\"]}]},{\"@type\":\"BreadcrumbList\",\"@id\":\"https:\\\/\\\/training.eudroneport.com\\\/de\\\/?page_id=6619#breadcrumb\",\"itemListElement\":[{\"@type\":\"ListItem\",\"position\":1,\"name\":\"Portada\",\"item\":\"https:\\\/\\\/training.eudroneport.com\\\/\"},{\"@type\":\"ListItem\",\"position\":2,\"name\":\"Vielen Dank A1\\\/A3\"}]},{\"@type\":\"WebSite\",\"@id\":\"https:\\\/\\\/training.eudroneport.com\\\/#website\",\"url\":\"https:\\\/\\\/training.eudroneport.com\\\/\",\"name\":\"EU Drone Port Training\",\"description\":\"EU Drone Port Training\",\"publisher\":{\"@id\":\"https:\\\/\\\/training.eudroneport.com\\\/#organization\"},\"potentialAction\":[{\"@type\":\"SearchAction\",\"target\":{\"@type\":\"EntryPoint\",\"urlTemplate\":\"https:\\\/\\\/training.eudroneport.com\\\/?s={search_term_string}\"},\"query-input\":{\"@type\":\"PropertyValueSpecification\",\"valueRequired\":true,\"valueName\":\"search_term_string\"}}],\"inLanguage\":\"de\"},{\"@type\":\"Organization\",\"@id\":\"https:\\\/\\\/training.eudroneport.com\\\/#organization\",\"name\":\"EU Drone Port Training\",\"url\":\"https:\\\/\\\/training.eudroneport.com\\\/\",\"logo\":{\"@type\":\"ImageObject\",\"inLanguage\":\"de\",\"@id\":\"https:\\\/\\\/training.eudroneport.com\\\/#\\\/schema\\\/logo\\\/image\\\/\",\"url\":\"https:\\\/\\\/training.eudroneport.com\\\/wp-content\\\/uploads\\\/2023\\\/05\\\/eu-drone-port-logo.svg\",\"contentUrl\":\"https:\\\/\\\/training.eudroneport.com\\\/wp-content\\\/uploads\\\/2023\\\/05\\\/eu-drone-port-logo.svg\",\"width\":160,\"height\":100,\"caption\":\"EU Drone Port Training\"},\"image\":{\"@id\":\"https:\\\/\\\/training.eudroneport.com\\\/#\\\/schema\\\/logo\\\/image\\\/\"}}]}<\/script>\n<!-- \/ Yoast SEO plugin. -->","yoast_head_json":{"title":"Vielen Dank A1\/A3 - EU Drone Port Training","robots":{"index":"noindex","follow":"follow"},"og_locale":"de_DE","og_type":"article","og_title":"Vielen Dank A1\/A3 - EU Drone Port Training","og_description":"Erfolgreiche Zahlung! Sie sind jetzt einen Schritt n\u00e4her dran, ein Profi-Pilot zu werden. Wir werden Sie umgehend kontaktieren und Ihnen den Benutzernamen und das Passwort f\u00fcr den Zugriff auf den Kursinhalt mitteilen. Sie m\u00f6chten uns kontaktieren? training@eudroneport.com (+34) 93 629 69 79","og_url":"https:\/\/training.eudroneport.com\/de\/?page_id=6619","og_site_name":"EU Drone Port Training","article_modified_time":"2025-06-13T11:05:03+00:00","twitter_card":"summary_large_image","schema":{"@context":"https:\/\/schema.org","@graph":[{"@type":"WebPage","@id":"https:\/\/training.eudroneport.com\/de\/?page_id=6619","url":"https:\/\/training.eudroneport.com\/de\/?page_id=6619","name":"Vielen Dank A1\/A3 - EU Drone Port Training","isPartOf":{"@id":"https:\/\/training.eudroneport.com\/#website"},"datePublished":"2023-10-03T13:38:44+00:00","dateModified":"2025-06-13T11:05:03+00:00","breadcrumb":{"@id":"https:\/\/training.eudroneport.com\/de\/?page_id=6619#breadcrumb"},"inLanguage":"de","potentialAction":[{"@type":"ReadAction","target":["https:\/\/training.eudroneport.com\/de\/?page_id=6619"]}]},{"@type":"BreadcrumbList","@id":"https:\/\/training.eudroneport.com\/de\/?page_id=6619#breadcrumb","itemListElement":[{"@type":"ListItem","position":1,"name":"Portada","item":"https:\/\/training.eudroneport.com\/"},{"@type":"ListItem","position":2,"name":"Vielen Dank A1\/A3"}]},{"@type":"WebSite","@id":"https:\/\/training.eudroneport.com\/#website","url":"https:\/\/training.eudroneport.com\/","name":"EU Drone Port Training","description":"EU Drone Port Training","publisher":{"@id":"https:\/\/training.eudroneport.com\/#organization"},"potentialAction":[{"@type":"SearchAction","target":{"@type":"EntryPoint","urlTemplate":"https:\/\/training.eudroneport.com\/?s={search_term_string}"},"query-input":{"@type":"PropertyValueSpecification","valueRequired":true,"valueName":"search_term_string"}}],"inLanguage":"de"},{"@type":"Organization","@id":"https:\/\/training.eudroneport.com\/#organization","name":"EU Drone Port Training","url":"https:\/\/training.eudroneport.com\/","logo":{"@type":"ImageObject","inLanguage":"de","@id":"https:\/\/training.eudroneport.com\/#\/schema\/logo\/image\/","url":"https:\/\/training.eudroneport.com\/wp-content\/uploads\/2023\/05\/eu-drone-port-logo.svg","contentUrl":"https:\/\/training.eudroneport.com\/wp-content\/uploads\/2023\/05\/eu-drone-port-logo.svg","width":160,"height":100,"caption":"EU Drone Port Training"},"image":{"@id":"https:\/\/training.eudroneport.com\/#\/schema\/logo\/image\/"}}]}},"_links":{"self":[{"href":"https:\/\/training.eudroneport.com\/de\/wp-json\/wp\/v2\/pages\/6619","targetHints":{"allow":["GET"]}}],"collection":[{"href":"https:\/\/training.eudroneport.com\/de\/wp-json\/wp\/v2\/pages"}],"about":[{"href":"https:\/\/training.eudroneport.com\/de\/wp-json\/wp\/v2\/types\/page"}],"author":[{"embeddable":true,"href":"https:\/\/training.eudroneport.com\/de\/wp-json\/wp\/v2\/users\/2"}],"replies":[{"embeddable":true,"href":"https:\/\/training.eudroneport.com\/de\/wp-json\/wp\/v2\/comments?post=6619"}],"version-history":[{"count":2,"href":"https:\/\/training.eudroneport.com\/de\/wp-json\/wp\/v2\/pages\/6619\/revisions"}],"predecessor-version":[{"id":6621,"href":"https:\/\/training.eudroneport.com\/de\/wp-json\/wp\/v2\/pages\/6619\/revisions\/6621"}],"wp:attachment":[{"href":"https:\/\/training.eudroneport.com\/de\/wp-json\/wp\/v2\/media?parent=6619"}],"curies":[{"name":"wp","href":"https:\/\/api.w.org\/{rel}","templated":true}]}}