{"id":6630,"date":"2021-10-18T07:29:35","date_gmt":"2021-10-18T05:29:35","guid":{"rendered":"https:\/\/training.eudroneport.com\/cookies-politik\/"},"modified":"2025-06-13T13:05:09","modified_gmt":"2025-06-13T11:05:09","slug":"cookies-politik","status":"publish","type":"page","link":"https:\/\/training.eudroneport.com\/de\/cookies-politik\/","title":{"rendered":"Cookies Politik"},"content":{"rendered":"\t\t<div data-elementor-type=\"wp-page\" data-elementor-id=\"6630\" class=\"elementor elementor-6630 elementor-99\" data-elementor-post-type=\"page\">\n\t\t\t\t\t\t<section class=\"elementor-section elementor-top-section elementor-element elementor-element-7cd4c4cb elementor-section-boxed elementor-section-height-default elementor-section-height-default\" data-id=\"7cd4c4cb\" data-element_type=\"section\" data-e-type=\"section\">\n\t\t\t\t\t\t<div class=\"elementor-container elementor-column-gap-default\">\n\t\t\t\t\t<div class=\"elementor-column elementor-col-100 elementor-top-column elementor-element elementor-element-122da705\" data-id=\"122da705\" data-element_type=\"column\" data-e-type=\"column\">\n\t\t\t<div class=\"elementor-widget-wrap elementor-element-populated\">\n\t\t\t\t\t\t<div class=\"elementor-element elementor-element-650c7c70 elementor-widget elementor-widget-heading\" data-id=\"650c7c70\" data-element_type=\"widget\" data-e-type=\"widget\" data-widget_type=\"heading.default\">\n\t\t\t\t<div class=\"elementor-widget-container\">\n\t\t\t\t\t<h2 class=\"elementor-heading-title elementor-size-default\">Risikobewertung<\/h2>\t\t\t\t<\/div>\n\t\t\t\t<\/div>\n\t\t\t\t<div class=\"elementor-element elementor-element-4de44b42 elementor-widget elementor-widget-image\" data-id=\"4de44b42\" data-element_type=\"widget\" data-e-type=\"widget\" data-widget_type=\"image.default\">\n\t\t\t\t<div class=\"elementor-widget-container\">\n\t\t\t\t\t\t\t\t\t\t\t\t\t\t\t<img decoding=\"async\" width=\"79\" height=\"4\" src=\"https:\/\/training.eudroneport.com\/wp-content\/uploads\/2023\/05\/line.png\" class=\"attachment-full size-full wp-image-469\" alt=\"\" \/>\t\t\t\t\t\t\t\t\t\t\t\t\t\t\t<\/div>\n\t\t\t\t<\/div>\n\t\t\t\t<div class=\"elementor-element elementor-element-3cc87c38 elementor-widget elementor-widget-text-editor\" data-id=\"3cc87c38\" data-element_type=\"widget\" data-e-type=\"widget\" data-widget_type=\"text-editor.default\">\n\t\t\t\t<div class=\"elementor-widget-container\">\n\t\t\t\t\t\t\t\t\t<p>Wenn Sie mehr \u00fcber die Verwendung von Cookies durch diese Website <strong>www.eudroneport.com<\/strong> wissen m\u00f6chten <strong>,<\/strong> sind Sie hier richtig. Im Folgenden erkl\u00e4ren wir Ihnen genau, was Cookies sind, welche Art von Cookies wir verwenden und wof\u00fcr und wie Sie von Ihrem Recht Gebrauch machen k\u00f6nnen, Ihren Browser so zu konfigurieren, dass er die Verwendung von Cookies nicht zul\u00e4sst. <\/p><p> <\/p><p>Nat\u00fcrlich sollten Sie wissen, dass, wenn Sie sich entscheiden, einige Cookies nicht zu verwenden, diese Website m\u00f6glicherweise nicht einwandfrei funktioniert und Ihr Benutzererlebnis beeintr\u00e4chtigt wird.<\/p>\t\t\t\t\t\t\t\t<\/div>\n\t\t\t\t<\/div>\n\t\t\t\t<div class=\"elementor-element elementor-element-35831b43 elementor-widget elementor-widget-heading\" data-id=\"35831b43\" data-element_type=\"widget\" data-e-type=\"widget\" data-widget_type=\"heading.default\">\n\t\t\t\t<div class=\"elementor-widget-container\">\n\t\t\t\t\t<h2 class=\"elementor-heading-title elementor-size-default\">Was ist ein Cookie?<\/h2>\t\t\t\t<\/div>\n\t\t\t\t<\/div>\n\t\t\t\t<div class=\"elementor-element elementor-element-14671755 elementor-widget elementor-widget-image\" data-id=\"14671755\" data-element_type=\"widget\" data-e-type=\"widget\" data-widget_type=\"image.default\">\n\t\t\t\t<div class=\"elementor-widget-container\">\n\t\t\t\t\t\t\t\t\t\t\t\t\t\t\t<img decoding=\"async\" width=\"79\" height=\"4\" src=\"https:\/\/training.eudroneport.com\/wp-content\/uploads\/2023\/05\/line.png\" class=\"attachment-full size-full wp-image-469\" alt=\"\" \/>\t\t\t\t\t\t\t\t\t\t\t\t\t\t\t<\/div>\n\t\t\t\t<\/div>\n\t\t\t\t<div class=\"elementor-element elementor-element-1ab9761a elementor-widget elementor-widget-text-editor\" data-id=\"1ab9761a\" data-element_type=\"widget\" data-e-type=\"widget\" data-widget_type=\"text-editor.default\">\n\t\t\t\t<div class=\"elementor-widget-container\">\n\t\t\t\t\t\t\t\t\t<p>Ein Cookie ist eine Datei, die auf Ihren Computer heruntergeladen wird, wenn Sie bestimmte Webseiten oder Blogs aufrufen.<\/p><p> <\/p><p>Cookies erm\u00f6glichen es dieser Seite unter anderem, Informationen \u00fcber Ihre Surfgewohnheiten oder Ihren Computer zu speichern und abzurufen. Je nachdem, welche Informationen sie enthalten und wie Sie Ihren Computer verwenden, k\u00f6nnen sie dazu verwendet werden, Sie wiederzuerkennen.<\/p><p> <\/p><p>Der Browser des Benutzers speichert Cookies nur w\u00e4hrend der aktuellen Sitzung auf der Festplatte, um den Speicherplatz zu minimieren und den Computer nicht zu besch\u00e4digen. Cookies enthalten keine spezifischen pers\u00f6nlichen Informationen und die meisten von ihnen werden am Ende der Browser-Sitzung von der Festplatte gel\u00f6scht (so genannte Session-Cookies). <\/p><p> <\/p><p>Die meisten Browser akzeptieren Cookies standardm\u00e4\u00dfig und lassen unabh\u00e4ngig davon in den Sicherheitseinstellungen tempor\u00e4re oder gespeicherte Cookies zu oder verhindern sie.<\/p><p> <\/p><p>Cookies sind mit dem Browser verkn\u00fcpft, nicht mit der Person. Daher speichern sie in der Regel keine sensiblen Informationen \u00fcber Sie wie Kreditkarten oder Bankdaten, Fotos oder pers\u00f6nliche Informationen usw. Die Daten, die sie speichern, sind technischer Natur, Statistiken, pers\u00f6nliche Vorlieben, Personalisierung von Inhalten usw. <\/p>\t\t\t\t\t\t\t\t<\/div>\n\t\t\t\t<\/div>\n\t\t\t\t<div class=\"elementor-element elementor-element-5e870585 elementor-widget elementor-widget-heading\" data-id=\"5e870585\" data-element_type=\"widget\" data-e-type=\"widget\" data-widget_type=\"heading.default\">\n\t\t\t\t<div class=\"elementor-widget-container\">\n\t\t\t\t\t<h2 class=\"elementor-heading-title elementor-size-default\">Akzeptanz von Cookies: Aktuelle Regelungen<\/h2>\t\t\t\t<\/div>\n\t\t\t\t<\/div>\n\t\t\t\t<div class=\"elementor-element elementor-element-4c0c15c3 elementor-widget elementor-widget-image\" data-id=\"4c0c15c3\" data-element_type=\"widget\" data-e-type=\"widget\" data-widget_type=\"image.default\">\n\t\t\t\t<div class=\"elementor-widget-container\">\n\t\t\t\t\t\t\t\t\t\t\t\t\t\t\t<img decoding=\"async\" width=\"79\" height=\"4\" src=\"https:\/\/training.eudroneport.com\/wp-content\/uploads\/2023\/05\/line.png\" class=\"attachment-full size-full wp-image-469\" alt=\"\" \/>\t\t\t\t\t\t\t\t\t\t\t\t\t\t\t<\/div>\n\t\t\t\t<\/div>\n\t\t\t\t<div class=\"elementor-element elementor-element-741a8145 elementor-widget elementor-widget-text-editor\" data-id=\"741a8145\" data-element_type=\"widget\" data-e-type=\"widget\" data-widget_type=\"text-editor.default\">\n\t\t\t\t<div class=\"elementor-widget-container\">\n\t\t\t\t\t\t\t\t\t<p>Wenn Sie auf diese Website zugreifen, informieren wir Sie in \u00dcbereinstimmung mit den geltenden Datenschutzbestimmungen \u00fcber die Verwendung von Cookies und geben Ihnen die M\u00f6glichkeit, diese ausdr\u00fccklich zu akzeptieren und weitere Informationen \u00fcber diese Cookie-Richtlinie abzurufen.<\/p><p> <\/p><p>Bitte beachten Sie, dass Sie der Verwendung dieser Cookies zustimmen, wenn Sie weiter surfen. Sie k\u00f6nnen jedoch jederzeit Ihre Meinung \u00e4ndern und ihre Verwendung \u00fcber Ihren Browser blockieren. <\/p><p> <\/p><p>Damit Sie sich keine Sorgen machen m\u00fcssen, h\u00e4lt sich diese Website an die Bestimmungen der geltenden Vorschriften zur Verwendung von Cookies und Ihrer pers\u00f6nlichen Daten:<\/p><p> <\/p><p><strong>Die LSSI-CE-Verordnung (Gesetz \u00fcber die Informationsgesellschaft und den elektronischen Gesch\u00e4ftsverkehr)<\/strong><\/p><p> <\/p><p><strong>Die RGPD (Verordnung (EU) 2016\/679 des Europ\u00e4ischen Parlaments und des Rates vom 27. April 2016 \u00fcber den Schutz nat\u00fcrlicher Personen)<\/strong>, die eine einheitliche Regelung der Verarbeitung personenbezogener Daten in den EU-L\u00e4ndern vorsieht.<\/p><p> <\/p><p>Diese Cookie-Richtlinie kann jederzeit ge\u00e4ndert werden, um sie an neue Vorschriften oder \u00c4nderungen unserer Aktivit\u00e4ten anzupassen, und wird zu jedem Zeitpunkt auf der Website ver\u00f6ffentlicht.<\/p>\t\t\t\t\t\t\t\t<\/div>\n\t\t\t\t<\/div>\n\t\t\t\t<div class=\"elementor-element elementor-element-1da58276 elementor-widget elementor-widget-heading\" data-id=\"1da58276\" data-element_type=\"widget\" data-e-type=\"widget\" data-widget_type=\"heading.default\">\n\t\t\t\t<div class=\"elementor-widget-container\">\n\t\t\t\t\t<h2 class=\"elementor-heading-title elementor-size-default\">Arten von Cookies<\/h2>\t\t\t\t<\/div>\n\t\t\t\t<\/div>\n\t\t\t\t<div class=\"elementor-element elementor-element-7a25738 elementor-widget elementor-widget-image\" data-id=\"7a25738\" data-element_type=\"widget\" data-e-type=\"widget\" data-widget_type=\"image.default\">\n\t\t\t\t<div class=\"elementor-widget-container\">\n\t\t\t\t\t\t\t\t\t\t\t\t\t\t\t<img decoding=\"async\" width=\"79\" height=\"4\" src=\"https:\/\/training.eudroneport.com\/wp-content\/uploads\/2023\/05\/line.png\" class=\"attachment-full size-full wp-image-469\" alt=\"\" \/>\t\t\t\t\t\t\t\t\t\t\t\t\t\t\t<\/div>\n\t\t\t\t<\/div>\n\t\t\t\t<div class=\"elementor-element elementor-element-3326bfe0 elementor-widget elementor-widget-text-editor\" data-id=\"3326bfe0\" data-element_type=\"widget\" data-e-type=\"widget\" data-widget_type=\"text-editor.default\">\n\t\t\t\t<div class=\"elementor-widget-container\">\n\t\t\t\t\t\t\t\t\t<p>Um Ihnen eine bessere Benutzererfahrung zu bieten, analytische Daten zu erhalten, Informationen \u00fcber Ihre Surfgewohnheiten oder Ihren Computer zu speichern und abzurufen und Ihre Aktivit\u00e4t zu entwickeln, verwendet diese Website cideyeg.es, eigene und fremde Cookies.<\/p><p> <\/p><p>Welche Arten von Cookies werden auf dieser Website verwendet?<\/p><p> <\/p><ul><li><strong>Technische Cookies:<\/strong> Dies sind diejenigen, die es dem Benutzer erm\u00f6glichen, durch eine Website, Plattform oder Anwendung zu navigieren und die verschiedenen Optionen oder Dienste zu nutzen, die darin vorhanden sind, wie z.B. die Kontrolle des Datenverkehrs und der Datenkommunikation, die Identifizierung der Sitzung, den Zugriff auf Teile mit eingeschr\u00e4nktem Zugang, die Erinnerung an die Elemente, aus denen eine Bestellung besteht, die Durchf\u00fchrung des Kaufvorgangs einer Bestellung, die Beantragung einer Registrierung oder die Teilnahme an einer Veranstaltung, die Nutzung von Sicherheitsfunktionen w\u00e4hrend des Browsens, die Speicherung von Inhalten f\u00fcr das Streaming von Video oder Ton oder das Teilen von Inhalten \u00fcber soziale Medien.<\/li><\/ul><p> <\/p><ul><li><strong>Personalisierungs-Cookies:<\/strong> Diese erm\u00f6glichen es dem Benutzer, auf den Dienst mit einigen vordefinierten allgemeinen Merkmalen zuzugreifen, die auf einer Reihe von Kriterien auf dem Endger\u00e4t des Benutzers basieren, wie z.B. der Sprache, der Art des Browsers, \u00fcber den Sie auf den Dienst zugreifen, den regionalen Einstellungen, von denen aus Sie auf den Dienst zugreifen, und so weiter.<\/li><\/ul><p> <\/p><ul><li><strong>Analyse-Cookies:<\/strong> Dies sind diejenigen, die von uns oder von Dritten gut behandelt werden. Sie erm\u00f6glichen es uns, die Anzahl der Nutzer zu quantifizieren und somit die Messung und statistische Analyse der Nutzung des angebotenen Dienstes durch die Nutzer durchzuf\u00fchren. Zu diesem Zweck analysieren wir Ihr Surfen auf unserer Website, um unser Angebot an Produkten und Dienstleistungen zu verbessern. <\/li><\/ul><p> <\/p><ul><li><strong>Werbe-Cookies:<\/strong> Das sind Cookies, die von uns oder von Dritten behandelt werden und die es uns erm\u00f6glichen, die Bereitstellung von Werbefl\u00e4chen auf der Website so effizient wie m\u00f6glich zu verwalten und den Inhalt der Anzeige an den Inhalt des angeforderten Dienstes oder Ihre Nutzung unserer Website anzupassen. Zu diesem Zweck k\u00f6nnen wir Ihre Internet-Browsing-Gewohnheiten analysieren und Ihnen Werbung zeigen, die auf Ihr Browsing-Profil abgestimmt ist.<br>Cookies f\u00fcr verhaltensbasierte Werbung: Diese erm\u00f6glichen eine m\u00f6glichst effiziente Verwaltung der Werbefl\u00e4chen, die der Herausgeber gegebenenfalls in eine Website, Anwendung oder Plattform integriert hat, von der aus er den Dienst anbietet. &#8211; Bieten. Diese Cookies speichern Informationen \u00fcber das Nutzerverhalten, die durch die kontinuierliche Beobachtung der Surfgewohnheiten gewonnen werden und die Entwicklung eines spezifischen Profils erm\u00f6glichen, um darauf basierend Werbung anzuzeigen.   <\/li><\/ul><p> <\/p><ul><li><strong>Cookies von Dritten:<\/strong> Diese Website <strong>eudroneport.com<\/strong> kann Dienste von Drittanbietern nutzen, die im Auftrag von Google Informationen zu statistischen Zwecken, zur Nutzung der Website durch den Nutzer und zur Erbringung anderer Dienstleistungen im Zusammenhang mit der Website-Aktivit\u00e4t und anderen Internetdiensten sammeln.<\/li><\/ul><p> <\/p><p>Diese Website benutzt insbesondere Google Analytics, einen Webanalysedienst der Google Inc. mit Sitz in den Vereinigten Staaten, 1600 Amphitheater Parkway, Mountain View, California 94043. F\u00fcr die Bereitstellung dieser Dienste verwendet Google Cookies, die Informationen sammeln, einschlie\u00dflich der IP-Adresse des Nutzers, die von Google gem\u00e4\u00df den auf der Website Google.com festgelegten Bedingungen \u00fcbertragen, verarbeitet und gespeichert werden. Dies schlie\u00dft die m\u00f6gliche \u00dcbermittlung dieser Informationen an Dritte aus rechtlichen Gr\u00fcnden ein oder wenn diese Dritten die Informationen im Auftrag von Google verarbeiten.  <\/p>\t\t\t\t\t\t\t\t<\/div>\n\t\t\t\t<\/div>\n\t\t\t\t<div class=\"elementor-element elementor-element-63ccbde8 elementor-widget elementor-widget-heading\" data-id=\"63ccbde8\" data-element_type=\"widget\" data-e-type=\"widget\" data-widget_type=\"heading.default\">\n\t\t\t\t<div class=\"elementor-widget-container\">\n\t\t\t\t\t<h2 class=\"elementor-heading-title elementor-size-default\">Verwalten und Ablehnen der Verwendung von Cookies<\/h2>\t\t\t\t<\/div>\n\t\t\t\t<\/div>\n\t\t\t\t<div class=\"elementor-element elementor-element-63aa3dc0 elementor-widget elementor-widget-image\" data-id=\"63aa3dc0\" data-element_type=\"widget\" data-e-type=\"widget\" data-widget_type=\"image.default\">\n\t\t\t\t<div class=\"elementor-widget-container\">\n\t\t\t\t\t\t\t\t\t\t\t\t\t\t\t<img decoding=\"async\" width=\"79\" height=\"4\" src=\"https:\/\/training.eudroneport.com\/wp-content\/uploads\/2023\/05\/line.png\" class=\"attachment-full size-full wp-image-469\" alt=\"\" \/>\t\t\t\t\t\t\t\t\t\t\t\t\t\t\t<\/div>\n\t\t\t\t<\/div>\n\t\t\t\t<div class=\"elementor-element elementor-element-69faf2d7 elementor-widget elementor-widget-text-editor\" data-id=\"69faf2d7\" data-element_type=\"widget\" data-e-type=\"widget\" data-widget_type=\"text-editor.default\">\n\t\t\t\t<div class=\"elementor-widget-container\">\n\t\t\t\t\t\t\t\t\t<p>Sie k\u00f6nnen Ihre Browsereinstellungen jederzeit anpassen, um die Verwendung von Cookies zu verwalten, zu deaktivieren und benachrichtigt zu werden, bevor sie heruntergeladen werden.<\/p><p> <\/p><p>Sie k\u00f6nnen die Einstellungen auch so anpassen, dass der Browser alle Cookies oder nur Cookies von Drittanbietern ablehnt. Und Sie k\u00f6nnen auch alle Cookies l\u00f6schen, die sich bereits auf Ihrem Computer befinden. <\/p><p>Dabei m\u00fcssen Sie bedenken, dass Sie die Einstellungen jedes Browsers und jedes Computers, den Sie verwenden, separat anpassen m\u00fcssen, da Cookies, wie wir bereits erw\u00e4hnt haben, mit dem Browser und nicht mit der Person verbunden sind.<\/p><p> <\/p><p style=\"padding-left: 40px;\">Google Chrome<\/p><p style=\"padding-left: 40px;\">Internet Explorer<\/p><p style=\"padding-left: 40px;\">Mozilla Firefox<\/p><p style=\"padding-left: 40px;\">Apple Safari<\/p><p> <\/p><p>Wenn Sie Fragen zu dieser Cookie-Richtlinie haben, k\u00f6nnen Sie uns eine E-Mail an <strong>marc@eudroneport.com<\/strong> schicken.<\/p>\t\t\t\t\t\t\t\t<\/div>\n\t\t\t\t<\/div>\n\t\t\t\t\t<\/div>\n\t\t<\/div>\n\t\t\t\t\t<\/div>\n\t\t<\/section>\n\t\t\t\t<\/div>\n\t\t","protected":false},"excerpt":{"rendered":"<p>Risikobewertung Wenn Sie mehr \u00fcber die Verwendung von Cookies durch diese Website www.eudroneport.com wissen m\u00f6chten , sind Sie hier richtig. Im Folgenden erkl\u00e4ren wir Ihnen genau, was Cookies sind, welche Art von Cookies wir verwenden und wof\u00fcr und wie Sie von Ihrem Recht Gebrauch machen k\u00f6nnen, Ihren Browser so zu konfigurieren, dass er die Verwendung [&hellip;]<\/p>\n","protected":false},"author":1,"featured_media":0,"parent":0,"menu_order":0,"comment_status":"closed","ping_status":"closed","template":"","meta":{"_acf_changed":false,"inline_featured_image":false,"_monsterinsights_skip_tracking":false,"_monsterinsights_sitenote_active":false,"_monsterinsights_sitenote_note":"","_monsterinsights_sitenote_category":0,"footnotes":""},"class_list":["post-6630","page","type-page","status-publish","hentry"],"acf":[],"yoast_head":"<!-- This site is optimized with the Yoast SEO plugin v27.3 - https:\/\/yoast.com\/product\/yoast-seo-wordpress\/ -->\n<title>Cookies Politik - EU Drone Port Training<\/title>\n<meta name=\"robots\" content=\"index, follow, max-snippet:-1, max-image-preview:large, max-video-preview:-1\" \/>\n<link rel=\"canonical\" href=\"https:\/\/training.eudroneport.com\/de\/?page_id=6630\" \/>\n<meta property=\"og:locale\" content=\"de_DE\" \/>\n<meta property=\"og:type\" content=\"article\" \/>\n<meta property=\"og:title\" content=\"Cookies Politik - EU Drone Port Training\" \/>\n<meta property=\"og:description\" content=\"Risikobewertung Wenn Sie mehr \u00fcber die Verwendung von Cookies durch diese Website www.eudroneport.com wissen m\u00f6chten , sind Sie hier richtig. Im Folgenden erkl\u00e4ren wir Ihnen genau, was Cookies sind, welche Art von Cookies wir verwenden und wof\u00fcr und wie Sie von Ihrem Recht Gebrauch machen k\u00f6nnen, Ihren Browser so zu konfigurieren, dass er die Verwendung [&hellip;]\" \/>\n<meta property=\"og:url\" content=\"https:\/\/training.eudroneport.com\/de\/?page_id=6630\" \/>\n<meta property=\"og:site_name\" content=\"EU Drone Port Training\" \/>\n<meta property=\"article:modified_time\" content=\"2025-06-13T11:05:09+00:00\" \/>\n<meta property=\"og:image\" content=\"https:\/\/training.eudroneport.com\/wp-content\/uploads\/2023\/05\/line.png\" \/>\n<meta name=\"twitter:card\" content=\"summary_large_image\" \/>\n<meta name=\"twitter:label1\" content=\"Gesch\u00e4tzte Lesezeit\" \/>\n\t<meta name=\"twitter:data1\" content=\"6\u00a0Minuten\" \/>\n<script type=\"application\/ld+json\" class=\"yoast-schema-graph\">{\"@context\":\"https:\\\/\\\/schema.org\",\"@graph\":[{\"@type\":\"WebPage\",\"@id\":\"https:\\\/\\\/training.eudroneport.com\\\/de\\\/?page_id=6630\",\"url\":\"https:\\\/\\\/training.eudroneport.com\\\/de\\\/?page_id=6630\",\"name\":\"Cookies Politik - EU Drone Port Training\",\"isPartOf\":{\"@id\":\"https:\\\/\\\/training.eudroneport.com\\\/#website\"},\"primaryImageOfPage\":{\"@id\":\"https:\\\/\\\/training.eudroneport.com\\\/de\\\/?page_id=6630#primaryimage\"},\"image\":{\"@id\":\"https:\\\/\\\/training.eudroneport.com\\\/de\\\/?page_id=6630#primaryimage\"},\"thumbnailUrl\":\"https:\\\/\\\/training.eudroneport.com\\\/wp-content\\\/uploads\\\/2023\\\/05\\\/line.png\",\"datePublished\":\"2021-10-18T05:29:35+00:00\",\"dateModified\":\"2025-06-13T11:05:09+00:00\",\"breadcrumb\":{\"@id\":\"https:\\\/\\\/training.eudroneport.com\\\/de\\\/?page_id=6630#breadcrumb\"},\"inLanguage\":\"de\",\"potentialAction\":[{\"@type\":\"ReadAction\",\"target\":[\"https:\\\/\\\/training.eudroneport.com\\\/de\\\/?page_id=6630\"]}]},{\"@type\":\"ImageObject\",\"inLanguage\":\"de\",\"@id\":\"https:\\\/\\\/training.eudroneport.com\\\/de\\\/?page_id=6630#primaryimage\",\"url\":\"https:\\\/\\\/training.eudroneport.com\\\/wp-content\\\/uploads\\\/2023\\\/05\\\/line.png\",\"contentUrl\":\"https:\\\/\\\/training.eudroneport.com\\\/wp-content\\\/uploads\\\/2023\\\/05\\\/line.png\"},{\"@type\":\"BreadcrumbList\",\"@id\":\"https:\\\/\\\/training.eudroneport.com\\\/de\\\/?page_id=6630#breadcrumb\",\"itemListElement\":[{\"@type\":\"ListItem\",\"position\":1,\"name\":\"Portada\",\"item\":\"https:\\\/\\\/training.eudroneport.com\\\/\"},{\"@type\":\"ListItem\",\"position\":2,\"name\":\"Cookies Politik\"}]},{\"@type\":\"WebSite\",\"@id\":\"https:\\\/\\\/training.eudroneport.com\\\/#website\",\"url\":\"https:\\\/\\\/training.eudroneport.com\\\/\",\"name\":\"EU Drone Port Training\",\"description\":\"EU Drone Port Training\",\"publisher\":{\"@id\":\"https:\\\/\\\/training.eudroneport.com\\\/#organization\"},\"potentialAction\":[{\"@type\":\"SearchAction\",\"target\":{\"@type\":\"EntryPoint\",\"urlTemplate\":\"https:\\\/\\\/training.eudroneport.com\\\/?s={search_term_string}\"},\"query-input\":{\"@type\":\"PropertyValueSpecification\",\"valueRequired\":true,\"valueName\":\"search_term_string\"}}],\"inLanguage\":\"de\"},{\"@type\":\"Organization\",\"@id\":\"https:\\\/\\\/training.eudroneport.com\\\/#organization\",\"name\":\"EU Drone Port Training\",\"url\":\"https:\\\/\\\/training.eudroneport.com\\\/\",\"logo\":{\"@type\":\"ImageObject\",\"inLanguage\":\"de\",\"@id\":\"https:\\\/\\\/training.eudroneport.com\\\/#\\\/schema\\\/logo\\\/image\\\/\",\"url\":\"https:\\\/\\\/training.eudroneport.com\\\/wp-content\\\/uploads\\\/2023\\\/05\\\/eu-drone-port-logo.svg\",\"contentUrl\":\"https:\\\/\\\/training.eudroneport.com\\\/wp-content\\\/uploads\\\/2023\\\/05\\\/eu-drone-port-logo.svg\",\"width\":160,\"height\":100,\"caption\":\"EU Drone Port Training\"},\"image\":{\"@id\":\"https:\\\/\\\/training.eudroneport.com\\\/#\\\/schema\\\/logo\\\/image\\\/\"}}]}<\/script>\n<!-- \/ Yoast SEO plugin. -->","yoast_head_json":{"title":"Cookies Politik - EU Drone Port Training","robots":{"index":"index","follow":"follow","max-snippet":"max-snippet:-1","max-image-preview":"max-image-preview:large","max-video-preview":"max-video-preview:-1"},"canonical":"https:\/\/training.eudroneport.com\/de\/?page_id=6630","og_locale":"de_DE","og_type":"article","og_title":"Cookies Politik - EU Drone Port Training","og_description":"Risikobewertung Wenn Sie mehr \u00fcber die Verwendung von Cookies durch diese Website www.eudroneport.com wissen m\u00f6chten , sind Sie hier richtig. Im Folgenden erkl\u00e4ren wir Ihnen genau, was Cookies sind, welche Art von Cookies wir verwenden und wof\u00fcr und wie Sie von Ihrem Recht Gebrauch machen k\u00f6nnen, Ihren Browser so zu konfigurieren, dass er die Verwendung [&hellip;]","og_url":"https:\/\/training.eudroneport.com\/de\/?page_id=6630","og_site_name":"EU Drone Port Training","article_modified_time":"2025-06-13T11:05:09+00:00","og_image":[{"url":"https:\/\/training.eudroneport.com\/wp-content\/uploads\/2023\/05\/line.png","type":"","width":"","height":""}],"twitter_card":"summary_large_image","twitter_misc":{"Gesch\u00e4tzte Lesezeit":"6\u00a0Minuten"},"schema":{"@context":"https:\/\/schema.org","@graph":[{"@type":"WebPage","@id":"https:\/\/training.eudroneport.com\/de\/?page_id=6630","url":"https:\/\/training.eudroneport.com\/de\/?page_id=6630","name":"Cookies Politik - EU Drone Port Training","isPartOf":{"@id":"https:\/\/training.eudroneport.com\/#website"},"primaryImageOfPage":{"@id":"https:\/\/training.eudroneport.com\/de\/?page_id=6630#primaryimage"},"image":{"@id":"https:\/\/training.eudroneport.com\/de\/?page_id=6630#primaryimage"},"thumbnailUrl":"https:\/\/training.eudroneport.com\/wp-content\/uploads\/2023\/05\/line.png","datePublished":"2021-10-18T05:29:35+00:00","dateModified":"2025-06-13T11:05:09+00:00","breadcrumb":{"@id":"https:\/\/training.eudroneport.com\/de\/?page_id=6630#breadcrumb"},"inLanguage":"de","potentialAction":[{"@type":"ReadAction","target":["https:\/\/training.eudroneport.com\/de\/?page_id=6630"]}]},{"@type":"ImageObject","inLanguage":"de","@id":"https:\/\/training.eudroneport.com\/de\/?page_id=6630#primaryimage","url":"https:\/\/training.eudroneport.com\/wp-content\/uploads\/2023\/05\/line.png","contentUrl":"https:\/\/training.eudroneport.com\/wp-content\/uploads\/2023\/05\/line.png"},{"@type":"BreadcrumbList","@id":"https:\/\/training.eudroneport.com\/de\/?page_id=6630#breadcrumb","itemListElement":[{"@type":"ListItem","position":1,"name":"Portada","item":"https:\/\/training.eudroneport.com\/"},{"@type":"ListItem","position":2,"name":"Cookies Politik"}]},{"@type":"WebSite","@id":"https:\/\/training.eudroneport.com\/#website","url":"https:\/\/training.eudroneport.com\/","name":"EU Drone Port Training","description":"EU Drone Port Training","publisher":{"@id":"https:\/\/training.eudroneport.com\/#organization"},"potentialAction":[{"@type":"SearchAction","target":{"@type":"EntryPoint","urlTemplate":"https:\/\/training.eudroneport.com\/?s={search_term_string}"},"query-input":{"@type":"PropertyValueSpecification","valueRequired":true,"valueName":"search_term_string"}}],"inLanguage":"de"},{"@type":"Organization","@id":"https:\/\/training.eudroneport.com\/#organization","name":"EU Drone Port Training","url":"https:\/\/training.eudroneport.com\/","logo":{"@type":"ImageObject","inLanguage":"de","@id":"https:\/\/training.eudroneport.com\/#\/schema\/logo\/image\/","url":"https:\/\/training.eudroneport.com\/wp-content\/uploads\/2023\/05\/eu-drone-port-logo.svg","contentUrl":"https:\/\/training.eudroneport.com\/wp-content\/uploads\/2023\/05\/eu-drone-port-logo.svg","width":160,"height":100,"caption":"EU Drone Port Training"},"image":{"@id":"https:\/\/training.eudroneport.com\/#\/schema\/logo\/image\/"}}]}},"_links":{"self":[{"href":"https:\/\/training.eudroneport.com\/de\/wp-json\/wp\/v2\/pages\/6630","targetHints":{"allow":["GET"]}}],"collection":[{"href":"https:\/\/training.eudroneport.com\/de\/wp-json\/wp\/v2\/pages"}],"about":[{"href":"https:\/\/training.eudroneport.com\/de\/wp-json\/wp\/v2\/types\/page"}],"author":[{"embeddable":true,"href":"https:\/\/training.eudroneport.com\/de\/wp-json\/wp\/v2\/users\/1"}],"replies":[{"embeddable":true,"href":"https:\/\/training.eudroneport.com\/de\/wp-json\/wp\/v2\/comments?post=6630"}],"version-history":[{"count":2,"href":"https:\/\/training.eudroneport.com\/de\/wp-json\/wp\/v2\/pages\/6630\/revisions"}],"predecessor-version":[{"id":6634,"href":"https:\/\/training.eudroneport.com\/de\/wp-json\/wp\/v2\/pages\/6630\/revisions\/6634"}],"wp:attachment":[{"href":"https:\/\/training.eudroneport.com\/de\/wp-json\/wp\/v2\/media?parent=6630"}],"curies":[{"name":"wp","href":"https:\/\/api.w.org\/{rel}","templated":true}]}}