{"id":3231,"date":"2021-10-18T07:29:35","date_gmt":"2021-10-18T05:29:35","guid":{"rendered":"https:\/\/training.eudroneport.com\/politica-de-cookies\/"},"modified":"2025-02-17T10:06:49","modified_gmt":"2025-02-17T09:06:49","slug":"politica-de-cookies","status":"publish","type":"page","link":"https:\/\/training.eudroneport.com\/es\/politica-de-cookies\/","title":{"rendered":"Pol\u00edtica de cookies"},"content":{"rendered":"\t\t<div data-elementor-type=\"wp-page\" data-elementor-id=\"3231\" class=\"elementor elementor-3231 elementor-99\" data-elementor-post-type=\"page\">\n\t\t\t\t\t\t<section class=\"elementor-section elementor-top-section elementor-element elementor-element-7cd4c4cb elementor-section-boxed elementor-section-height-default elementor-section-height-default\" data-id=\"7cd4c4cb\" data-element_type=\"section\" data-e-type=\"section\">\n\t\t\t\t\t\t<div class=\"elementor-container elementor-column-gap-default\">\n\t\t\t\t\t<div class=\"elementor-column elementor-col-100 elementor-top-column elementor-element elementor-element-122da705\" data-id=\"122da705\" data-element_type=\"column\" data-e-type=\"column\">\n\t\t\t<div class=\"elementor-widget-wrap elementor-element-populated\">\n\t\t\t\t\t\t<div class=\"elementor-element elementor-element-650c7c70 elementor-widget elementor-widget-heading\" data-id=\"650c7c70\" data-element_type=\"widget\" data-e-type=\"widget\" data-widget_type=\"heading.default\">\n\t\t\t\t<div class=\"elementor-widget-container\">\n\t\t\t\t\t<h2 class=\"elementor-heading-title elementor-size-default\">Evaluaci\u00f3n deriesgos<\/h2>\t\t\t\t<\/div>\n\t\t\t\t<\/div>\n\t\t\t\t<div class=\"elementor-element elementor-element-4de44b42 elementor-widget elementor-widget-image\" data-id=\"4de44b42\" data-element_type=\"widget\" data-e-type=\"widget\" data-widget_type=\"image.default\">\n\t\t\t\t<div class=\"elementor-widget-container\">\n\t\t\t\t\t\t\t\t\t\t\t\t\t\t\t<img decoding=\"async\" width=\"79\" height=\"4\" src=\"https:\/\/training.eudroneport.com\/wp-content\/uploads\/2023\/05\/line.png\" class=\"attachment-full size-full wp-image-882\" alt=\"\" \/>\t\t\t\t\t\t\t\t\t\t\t\t\t\t\t<\/div>\n\t\t\t\t<\/div>\n\t\t\t\t<div class=\"elementor-element elementor-element-3cc87c38 elementor-widget elementor-widget-text-editor\" data-id=\"3cc87c38\" data-element_type=\"widget\" data-e-type=\"widget\" data-widget_type=\"text-editor.default\">\n\t\t\t\t<div class=\"elementor-widget-container\">\n\t\t\t\t\t\t\t\t\t<p>Si quieres saber m\u00e1s sobre el uso de cookies por parte de este sitio web <strong>www.eudroneport.com<\/strong>, est\u00e1s en el lugar adecuado. A continuaci\u00f3n explicaremos exactamente qu\u00e9 son las cookies; qu\u00e9 tipo de cookies utilizamos y para qu\u00e9; y c\u00f3mo puede ejercer su derecho a configurar su navegador y desautorizar el uso de cualquiera de ellos.<\/p>\n<\/p>\n<p>Por supuesto, debe saber que si decide no utilizar algunas cookies, este sitio web puede no funcionar perfectamente, afectando a su experiencia de usuario.<\/p>\n\t\t\t\t\t\t\t\t<\/div>\n\t\t\t\t<\/div>\n\t\t\t\t<div class=\"elementor-element elementor-element-35831b43 elementor-widget elementor-widget-heading\" data-id=\"35831b43\" data-element_type=\"widget\" data-e-type=\"widget\" data-widget_type=\"heading.default\">\n\t\t\t\t<div class=\"elementor-widget-container\">\n\t\t\t\t\t<h2 class=\"elementor-heading-title elementor-size-default\">\u00bfQu\u00e9 es una cookie?<\/h2>\t\t\t\t<\/div>\n\t\t\t\t<\/div>\n\t\t\t\t<div class=\"elementor-element elementor-element-14671755 elementor-widget elementor-widget-image\" data-id=\"14671755\" data-element_type=\"widget\" data-e-type=\"widget\" data-widget_type=\"image.default\">\n\t\t\t\t<div class=\"elementor-widget-container\">\n\t\t\t\t\t\t\t\t\t\t\t\t\t\t\t<img decoding=\"async\" width=\"79\" height=\"4\" src=\"https:\/\/training.eudroneport.com\/wp-content\/uploads\/2023\/05\/line.png\" class=\"attachment-full size-full wp-image-882\" alt=\"\" \/>\t\t\t\t\t\t\t\t\t\t\t\t\t\t\t<\/div>\n\t\t\t\t<\/div>\n\t\t\t\t<div class=\"elementor-element elementor-element-1ab9761a elementor-widget elementor-widget-text-editor\" data-id=\"1ab9761a\" data-element_type=\"widget\" data-e-type=\"widget\" data-widget_type=\"text-editor.default\">\n\t\t\t\t<div class=\"elementor-widget-container\">\n\t\t\t\t\t\t\t\t\t<p>Una cookie es un fichero que se descarga en su ordenador al acceder a determinadas p\u00e1ginas web o blogs.<\/p>\n<\/p>\n<p>Las cookies permiten a esta p\u00e1gina, entre otras cosas almacenar y recuperar informaci\u00f3n sobre sus h\u00e1bitos de navegaci\u00f3n o de su equipo, y dependiendo de la informaci\u00f3n que contengan y de c\u00f3mo utilices tu ordenador, pueden utilizarse para reconocerte.<\/p>\n<\/p>\n<p>El navegador del usuario memoriza cookies en el disco duro solamente durante la sesi\u00f3n actual ocupando un espacio de memoria m\u00ednimo y no perjudicando al ordenador. sesi\u00f3n actual ocupando un espacio de memoria m\u00ednimo y no perjudicando al ordenador. Las cookies no contienen ning\u00fan tipo de informaci\u00f3n personal espec\u00edfica, y la mayor\u00eda de ellas se borran del disco duro disco duro al final de la sesi\u00f3n del navegador (las llamadasllamadas cookies de sesi\u00f3n ).<\/p>\n<\/p>\n<p>La mayor\u00eda de los navegadores aceptan como est\u00e1ndar a las cookies y, con independencia de las mismas, permiten o impiden en los ajustes de seguridad las cookies temporales o memorizadas.<\/p>\n<\/p>\n<p>Las cookies se asocian al navegador, no a la persona, por lo que no suelen almacenar informaci\u00f3n sensible sobre usted, como tarjetas de cr\u00e9dito o datos bancarios, fotos o informaci\u00f3n personal, etc. Los datos que almacenan son de car\u00e1cter t\u00e9cnico, estad\u00edstico, preferencias personales , personalizaci\u00f3n de contenidos, etc.<\/p>\n\t\t\t\t\t\t\t\t<\/div>\n\t\t\t\t<\/div>\n\t\t\t\t<div class=\"elementor-element elementor-element-5e870585 elementor-widget elementor-widget-heading\" data-id=\"5e870585\" data-element_type=\"widget\" data-e-type=\"widget\" data-widget_type=\"heading.default\">\n\t\t\t\t<div class=\"elementor-widget-container\">\n\t\t\t\t\t<h2 class=\"elementor-heading-title elementor-size-default\">Aceptaci\u00f3n de cookies: Normativavigente<\/h2>\t\t\t\t<\/div>\n\t\t\t\t<\/div>\n\t\t\t\t<div class=\"elementor-element elementor-element-4c0c15c3 elementor-widget elementor-widget-image\" data-id=\"4c0c15c3\" data-element_type=\"widget\" data-e-type=\"widget\" data-widget_type=\"image.default\">\n\t\t\t\t<div class=\"elementor-widget-container\">\n\t\t\t\t\t\t\t\t\t\t\t\t\t\t\t<img decoding=\"async\" width=\"79\" height=\"4\" src=\"https:\/\/training.eudroneport.com\/wp-content\/uploads\/2023\/05\/line.png\" class=\"attachment-full size-full wp-image-882\" alt=\"\" \/>\t\t\t\t\t\t\t\t\t\t\t\t\t\t\t<\/div>\n\t\t\t\t<\/div>\n\t\t\t\t<div class=\"elementor-element elementor-element-741a8145 elementor-widget elementor-widget-text-editor\" data-id=\"741a8145\" data-element_type=\"widget\" data-e-type=\"widget\" data-widget_type=\"text-editor.default\">\n\t\t\t\t<div class=\"elementor-widget-container\">\n\t\t\t\t\t\t\t\t\t<p>Al acceder a este sitio web, y de conformidad con la normativa vigente en materia de protecci\u00f3n de datos , le informamos de la utilizaci\u00f3n de cookies, d\u00e1ndole la opci\u00f3n de aceptarlas expresamente y acceder a m\u00e1s informaci\u00f3n a trav\u00e9s de esta Pol\u00edtica de Cookies.<\/p>\n<\/p>\n<p>Tenga en cuenta que si contin\u00faa navegando por, est\u00e1 dando su consentimiento al uso de estas cookies. Pero en cualquier momento, puede cambiar de opini\u00f3n y bloquear su uso a trav\u00e9s de su navegador.<\/p>\n<\/p>\n<p>Para su total tranquilidad, este sitio web cumple con lo dispuesto en la normativa sobre el uso de cookies y sus datos personales:<\/p>\n<\/p>\n<p><strong>El Reglamento LSSI-CE (Ley de la Sociedad de la Informaci\u00f3n y del Comercio Electr\u00f3nico )<\/strong><\/p>\n<\/p>\n<p><strong>El RGPD (Reglamento (UE) 2016\/679 del Parlamento Europeo y del Consejo , de 27 de abril de 2016, relativo a la protecci\u00f3n de las personas f\u00edsicas)<\/strong>, que unifica la regulaci\u00f3n del tratamiento de datos personales en los pa\u00edses de la UE.<\/p>\n<\/p>\n<p>La presente Pol\u00edtica de Cookies podr\u00e1 ser modificada en cualquier momento para adaptarse a nuevas normativas o cambios en nuestras actividades, que est\u00e9n en vigor en cada momento publicadas en el sitio web.<\/p>\n\t\t\t\t\t\t\t\t<\/div>\n\t\t\t\t<\/div>\n\t\t\t\t<div class=\"elementor-element elementor-element-1da58276 elementor-widget elementor-widget-heading\" data-id=\"1da58276\" data-element_type=\"widget\" data-e-type=\"widget\" data-widget_type=\"heading.default\">\n\t\t\t\t<div class=\"elementor-widget-container\">\n\t\t\t\t\t<h2 class=\"elementor-heading-title elementor-size-default\">Tipos de cookies<\/h2>\t\t\t\t<\/div>\n\t\t\t\t<\/div>\n\t\t\t\t<div class=\"elementor-element elementor-element-7a25738 elementor-widget elementor-widget-image\" data-id=\"7a25738\" data-element_type=\"widget\" data-e-type=\"widget\" data-widget_type=\"image.default\">\n\t\t\t\t<div class=\"elementor-widget-container\">\n\t\t\t\t\t\t\t\t\t\t\t\t\t\t\t<img decoding=\"async\" width=\"79\" height=\"4\" src=\"https:\/\/training.eudroneport.com\/wp-content\/uploads\/2023\/05\/line.png\" class=\"attachment-full size-full wp-image-882\" alt=\"\" \/>\t\t\t\t\t\t\t\t\t\t\t\t\t\t\t<\/div>\n\t\t\t\t<\/div>\n\t\t\t\t<div class=\"elementor-element elementor-element-3326bfe0 elementor-widget elementor-widget-text-editor\" data-id=\"3326bfe0\" data-element_type=\"widget\" data-e-type=\"widget\" data-widget_type=\"text-editor.default\">\n\t\t\t\t<div class=\"elementor-widget-container\">\n\t\t\t\t\t\t\t\t\t<p>Para ofrecerle una mejor experiencia de usuario, obtener datos anal\u00edticos, almacenar y recuperar informaci\u00f3n sobre sus h\u00e1bitos h\u00e1bitos de navegaci\u00f3n o de su equipo y desarrollar su actividad, este sitio web cideyeg.es, utiliza cookies propias y de terceros .<\/p>\n<\/p>\n<p>\u00bfQu\u00e9 tipos de cookies utiliza este sitio web?<\/p>\n<\/p>\n<ul>\n<li><strong>Cookies t\u00e9cnicas:<\/strong> Son aqu\u00e9llas que permiten al usuario la navegaci\u00f3n a trav\u00e9s de una p\u00e1gina web, plataforma o aplicaci\u00f3n y la utilizaci\u00f3n de las diferentes opciones o servicios que en ella existan como, por ejemplo, controlar el tr\u00e1fico y la comunicaci\u00f3n de datos, identificar la sesi\u00f3n, acceder a partes de acceso restringido, recordar los elementos que integran un pedido, realizar el proceso de compra de un pedido, realizar la solicitud de inscripci\u00f3n o participaci\u00f3n en un evento, utilizar elementos de seguridad durante la navegaci\u00f3n, almacenar contenidos para la difusi\u00f3n de videos o sonido o compartir contenidos a trav\u00e9s de redes sociales.<\/li>\n<\/ul>\n<ul>\n<li><strong>Cookies depersonalizaci\u00f3n:<\/strong> Son aqu\u00e9llas que permiten al usuario acceder al servicio con algunas caracter\u00edsticas de car\u00e1cter caracter\u00edsticas de car\u00e1cter general predefinidas en funci\u00f3n de una serie de criterios en el terminal del usuariocomo por ejemplo serian el idioma el tipo de navegador a trav\u00e9s del cual accede al servicio, la configuraci\u00f3n regional desde la que se accede al servicio , etc.<\/li>\n<\/ul>\n<ul>\n<li><strong>Cookies dean\u00e1lisis:<\/strong> Son aqu\u00e9llas que bien tratadas por nosotros o por terceros, nos permiten cuantificar el n\u00famero de usuarios y as\u00ed realizar la medici\u00f3n y an\u00e1lisis estad\u00edstico de la utilizaci\u00f3n que hacen los usuarios del servicio ofertado. Para ello, analizamos su navegaci\u00f3n en nuestro sitio web para mejorar la gama de productos o servicios que ofrecemos.<\/li>\n<\/ul>\n<ul>\n<li><strong>Cookies publicitarias:<\/strong> Son aqu\u00e9llas que, bien tratadas por nosotros o por terceros, nos permiten gestionar de la forma m\u00e1s eficaz posible la oferta de los espacios publicitarios que hay en la p\u00e1gina web, adecuando el contenido del anuncio al contenido del servicio solicitado o al uso que realice de nuestra p\u00e1gina web. Para ello, podemos analizar sus h\u00e1bitos de navegaci\u00f3n por Internet y mostrarle publicidad relacionada con su perfil de navegaci\u00f3n.<br \/>Cookies de publicidadcomportamental: Son aqu\u00e9llas que permiten la gesti\u00f3n, de la forma m\u00e1s eficaz posible, de los espacios publicitarios que, en su caso, el editor haya incluido en un sitio web, aplicaci\u00f3n o plataforma desde la que presta el servicio \u00fanicamente. &#8211; Oferta. Estas cookies almacenan informaci\u00f3n del comportamiento de los usuarios obtenida a trav\u00e9s de la observaci\u00f3n continuada de sus h\u00e1bitos de navegaci\u00f3n, lo que permite la elaboraci\u00f3n de un perfil espec\u00edfico para mostrar publicidad en funci\u00f3n del mismo.<\/li>\n<\/ul>\n<ul>\n<li><strong>Cookies de terceros:<\/strong> Este sitio web <strong>eudroneport.com<\/strong> puede utilizar servicios de terceros que, por cuenta de Google, recopilar\u00e1n informaci\u00f3n con fines estad\u00edsticos, para la utilizaci\u00f3n del sitio por el usuario y para la prestaci\u00f3n de otros servicios relacionados con la actividad del sitio web y otros servicios de Internet .<\/li>\n<\/ul>\n<p>En particular, este sitio web utiliza Google Analytics, un servicio anal\u00edtico de web prestado por Google, Inc. domiciliada en Estados Unidos con sede en 1600 Amphitheater Parkway, Mountain View, California 94043. Para la prestaci\u00f3n de estos servicios, Google utiliza cookies que recopilan informaci\u00f3n, incluida la direcci\u00f3n IP del usuario, que ser\u00e1 transmitida, procesados y almacenados por Google en los t\u00e9rminos establecidos en el sitio web de Google.com . Incluyendo la posible transmisi\u00f3n de dicha informaci\u00f3n a terceros por razones de exigencia legal o cuando dichos terceros procesen la informaci\u00f3n por cuenta de Google. motivos legales o cuando dichos terceros procesen la informaci\u00f3n por cuenta de Google .<\/p>\n\t\t\t\t\t\t\t\t<\/div>\n\t\t\t\t<\/div>\n\t\t\t\t<div class=\"elementor-element elementor-element-63ccbde8 elementor-widget elementor-widget-heading\" data-id=\"63ccbde8\" data-element_type=\"widget\" data-e-type=\"widget\" data-widget_type=\"heading.default\">\n\t\t\t\t<div class=\"elementor-widget-container\">\n\t\t\t\t\t<h2 class=\"elementor-heading-title elementor-size-default\">Gestionar y rechazar el uso de cookies<\/h2>\t\t\t\t<\/div>\n\t\t\t\t<\/div>\n\t\t\t\t<div class=\"elementor-element elementor-element-63aa3dc0 elementor-widget elementor-widget-image\" data-id=\"63aa3dc0\" data-element_type=\"widget\" data-e-type=\"widget\" data-widget_type=\"image.default\">\n\t\t\t\t<div class=\"elementor-widget-container\">\n\t\t\t\t\t\t\t\t\t\t\t\t\t\t\t<img decoding=\"async\" width=\"79\" height=\"4\" src=\"https:\/\/training.eudroneport.com\/wp-content\/uploads\/2023\/05\/line.png\" class=\"attachment-full size-full wp-image-882\" alt=\"\" \/>\t\t\t\t\t\t\t\t\t\t\t\t\t\t\t<\/div>\n\t\t\t\t<\/div>\n\t\t\t\t<div class=\"elementor-element elementor-element-69faf2d7 elementor-widget elementor-widget-text-editor\" data-id=\"69faf2d7\" data-element_type=\"widget\" data-e-type=\"widget\" data-widget_type=\"text-editor.default\">\n\t\t\t\t<div class=\"elementor-widget-container\">\n\t\t\t\t\t\t\t\t\t<p>En cualquier momento , puede ajustar la configuraci\u00f3n de su navegador para gestionar, desactivar el uso de cookies y recibir una notificaci\u00f3n antes de que se descarguen.<\/p>\n<\/p>\n<p>Tambi\u00e9n puede ajustar la configuraci\u00f3n para que el navegador rechace todas las cookies, o s\u00f3lo las cookies de terceros . Tambi\u00e9n puede eliminar las cookies que ya est\u00e1n en su ordenador.<\/p>\n<p>Para ello, debe tener en cuenta que debe ajustar por separado la configuraci\u00f3n de cada navegador y ordenador que utilices porque, como hemos mencionado anteriormente, las cookies se asocian al navegador, no a la persona.<\/p>\n<\/p>\n<p style=\"padding-left: 40px;\">Google Chrome<\/p>\n<p style=\"padding-left: 40px;\">Internet Explorer<\/p>\n<p style=\"padding-left: 40px;\">Mozilla Firefox<\/p>\n<p style=\"padding-left: 40px;\">Apple Safari<\/p>\n<\/p>\n<p>Si tiene alguna pregunta sobre esta Pol\u00edtica de cookies, puede ponerse en contacto con nosotros enviando un correo electr\u00f3nico a <strong>marc@eudroneport.com<\/strong><\/p>\n\t\t\t\t\t\t\t\t<\/div>\n\t\t\t\t<\/div>\n\t\t\t\t\t<\/div>\n\t\t<\/div>\n\t\t\t\t\t<\/div>\n\t\t<\/section>\n\t\t\t\t<\/div>\n\t\t","protected":false},"excerpt":{"rendered":"<p>Evaluaci\u00f3n deriesgos Si quieres saber m\u00e1s sobre el uso de cookies por parte de este sitio web www.eudroneport.com, est\u00e1s en el lugar adecuado. A continuaci\u00f3n explicaremos exactamente qu\u00e9 son las cookies; qu\u00e9 tipo de cookies utilizamos y para qu\u00e9; y c\u00f3mo puede ejercer su derecho a configurar su navegador y desautorizar el uso de cualquiera [&hellip;]<\/p>\n","protected":false},"author":1,"featured_media":0,"parent":0,"menu_order":0,"comment_status":"closed","ping_status":"closed","template":"","meta":{"_acf_changed":false,"inline_featured_image":false,"_monsterinsights_skip_tracking":false,"_monsterinsights_sitenote_active":false,"_monsterinsights_sitenote_note":"","_monsterinsights_sitenote_category":0,"footnotes":""},"class_list":["post-3231","page","type-page","status-publish","hentry"],"acf":[],"yoast_head":"<!-- This site is optimized with the Yoast SEO plugin v27.3 - https:\/\/yoast.com\/product\/yoast-seo-wordpress\/ -->\n<title>Pol\u00edtica de cookies - EU Drone Port Training<\/title>\n<meta name=\"robots\" content=\"index, follow, max-snippet:-1, max-image-preview:large, max-video-preview:-1\" \/>\n<link rel=\"canonical\" href=\"https:\/\/training.eudroneport.com\/es\/politica-de-cookies\/\" \/>\n<meta property=\"og:locale\" content=\"es_ES\" \/>\n<meta property=\"og:type\" content=\"article\" \/>\n<meta property=\"og:title\" content=\"Pol\u00edtica de cookies - EU Drone Port Training\" \/>\n<meta property=\"og:description\" content=\"Evaluaci\u00f3n deriesgos Si quieres saber m\u00e1s sobre el uso de cookies por parte de este sitio web www.eudroneport.com, est\u00e1s en el lugar adecuado. A continuaci\u00f3n explicaremos exactamente qu\u00e9 son las cookies; qu\u00e9 tipo de cookies utilizamos y para qu\u00e9; y c\u00f3mo puede ejercer su derecho a configurar su navegador y desautorizar el uso de cualquiera [&hellip;]\" \/>\n<meta property=\"og:url\" content=\"https:\/\/training.eudroneport.com\/es\/politica-de-cookies\/\" \/>\n<meta property=\"og:site_name\" content=\"EU Drone Port Training\" \/>\n<meta property=\"article:modified_time\" content=\"2025-02-17T09:06:49+00:00\" \/>\n<meta property=\"og:image\" content=\"https:\/\/training.eudroneport.com\/wp-content\/uploads\/2023\/05\/line.png\" \/>\n\t<meta property=\"og:image:width\" content=\"79\" \/>\n\t<meta property=\"og:image:height\" content=\"4\" \/>\n\t<meta property=\"og:image:type\" content=\"image\/png\" \/>\n<meta name=\"twitter:card\" content=\"summary_large_image\" \/>\n<meta name=\"twitter:label1\" content=\"Tiempo de lectura\" \/>\n\t<meta name=\"twitter:data1\" content=\"7 minutos\" \/>\n<script type=\"application\/ld+json\" class=\"yoast-schema-graph\">{\"@context\":\"https:\\\/\\\/schema.org\",\"@graph\":[{\"@type\":\"WebPage\",\"@id\":\"https:\\\/\\\/training.eudroneport.com\\\/es\\\/politica-de-cookies\\\/\",\"url\":\"https:\\\/\\\/training.eudroneport.com\\\/es\\\/politica-de-cookies\\\/\",\"name\":\"Pol\u00edtica de cookies - EU Drone Port Training\",\"isPartOf\":{\"@id\":\"https:\\\/\\\/training.eudroneport.com\\\/#website\"},\"primaryImageOfPage\":{\"@id\":\"https:\\\/\\\/training.eudroneport.com\\\/es\\\/politica-de-cookies\\\/#primaryimage\"},\"image\":{\"@id\":\"https:\\\/\\\/training.eudroneport.com\\\/es\\\/politica-de-cookies\\\/#primaryimage\"},\"thumbnailUrl\":\"https:\\\/\\\/training.eudroneport.com\\\/wp-content\\\/uploads\\\/2023\\\/05\\\/line.png\",\"datePublished\":\"2021-10-18T05:29:35+00:00\",\"dateModified\":\"2025-02-17T09:06:49+00:00\",\"breadcrumb\":{\"@id\":\"https:\\\/\\\/training.eudroneport.com\\\/es\\\/politica-de-cookies\\\/#breadcrumb\"},\"inLanguage\":\"es\",\"potentialAction\":[{\"@type\":\"ReadAction\",\"target\":[\"https:\\\/\\\/training.eudroneport.com\\\/es\\\/politica-de-cookies\\\/\"]}]},{\"@type\":\"ImageObject\",\"inLanguage\":\"es\",\"@id\":\"https:\\\/\\\/training.eudroneport.com\\\/es\\\/politica-de-cookies\\\/#primaryimage\",\"url\":\"https:\\\/\\\/training.eudroneport.com\\\/wp-content\\\/uploads\\\/2023\\\/05\\\/line.png\",\"contentUrl\":\"https:\\\/\\\/training.eudroneport.com\\\/wp-content\\\/uploads\\\/2023\\\/05\\\/line.png\"},{\"@type\":\"BreadcrumbList\",\"@id\":\"https:\\\/\\\/training.eudroneport.com\\\/es\\\/politica-de-cookies\\\/#breadcrumb\",\"itemListElement\":[{\"@type\":\"ListItem\",\"position\":1,\"name\":\"Portada\",\"item\":\"https:\\\/\\\/training.eudroneport.com\\\/\"},{\"@type\":\"ListItem\",\"position\":2,\"name\":\"Pol\u00edtica de cookies\"}]},{\"@type\":\"WebSite\",\"@id\":\"https:\\\/\\\/training.eudroneport.com\\\/#website\",\"url\":\"https:\\\/\\\/training.eudroneport.com\\\/\",\"name\":\"EU Drone Port Training\",\"description\":\"EU Drone Port Training\",\"publisher\":{\"@id\":\"https:\\\/\\\/training.eudroneport.com\\\/#organization\"},\"potentialAction\":[{\"@type\":\"SearchAction\",\"target\":{\"@type\":\"EntryPoint\",\"urlTemplate\":\"https:\\\/\\\/training.eudroneport.com\\\/?s={search_term_string}\"},\"query-input\":{\"@type\":\"PropertyValueSpecification\",\"valueRequired\":true,\"valueName\":\"search_term_string\"}}],\"inLanguage\":\"es\"},{\"@type\":\"Organization\",\"@id\":\"https:\\\/\\\/training.eudroneport.com\\\/#organization\",\"name\":\"EU Drone Port Training\",\"url\":\"https:\\\/\\\/training.eudroneport.com\\\/\",\"logo\":{\"@type\":\"ImageObject\",\"inLanguage\":\"es\",\"@id\":\"https:\\\/\\\/training.eudroneport.com\\\/#\\\/schema\\\/logo\\\/image\\\/\",\"url\":\"https:\\\/\\\/training.eudroneport.com\\\/wp-content\\\/uploads\\\/2023\\\/05\\\/eu-drone-port-logo.svg\",\"contentUrl\":\"https:\\\/\\\/training.eudroneport.com\\\/wp-content\\\/uploads\\\/2023\\\/05\\\/eu-drone-port-logo.svg\",\"width\":160,\"height\":100,\"caption\":\"EU Drone Port Training\"},\"image\":{\"@id\":\"https:\\\/\\\/training.eudroneport.com\\\/#\\\/schema\\\/logo\\\/image\\\/\"}}]}<\/script>\n<!-- \/ Yoast SEO plugin. -->","yoast_head_json":{"title":"Pol\u00edtica de cookies - EU Drone Port Training","robots":{"index":"index","follow":"follow","max-snippet":"max-snippet:-1","max-image-preview":"max-image-preview:large","max-video-preview":"max-video-preview:-1"},"canonical":"https:\/\/training.eudroneport.com\/es\/politica-de-cookies\/","og_locale":"es_ES","og_type":"article","og_title":"Pol\u00edtica de cookies - EU Drone Port Training","og_description":"Evaluaci\u00f3n deriesgos Si quieres saber m\u00e1s sobre el uso de cookies por parte de este sitio web www.eudroneport.com, est\u00e1s en el lugar adecuado. A continuaci\u00f3n explicaremos exactamente qu\u00e9 son las cookies; qu\u00e9 tipo de cookies utilizamos y para qu\u00e9; y c\u00f3mo puede ejercer su derecho a configurar su navegador y desautorizar el uso de cualquiera [&hellip;]","og_url":"https:\/\/training.eudroneport.com\/es\/politica-de-cookies\/","og_site_name":"EU Drone Port Training","article_modified_time":"2025-02-17T09:06:49+00:00","og_image":[{"width":79,"height":4,"url":"https:\/\/training.eudroneport.com\/wp-content\/uploads\/2023\/05\/line.png","type":"image\/png"}],"twitter_card":"summary_large_image","twitter_misc":{"Tiempo de lectura":"7 minutos"},"schema":{"@context":"https:\/\/schema.org","@graph":[{"@type":"WebPage","@id":"https:\/\/training.eudroneport.com\/es\/politica-de-cookies\/","url":"https:\/\/training.eudroneport.com\/es\/politica-de-cookies\/","name":"Pol\u00edtica de cookies - EU Drone Port Training","isPartOf":{"@id":"https:\/\/training.eudroneport.com\/#website"},"primaryImageOfPage":{"@id":"https:\/\/training.eudroneport.com\/es\/politica-de-cookies\/#primaryimage"},"image":{"@id":"https:\/\/training.eudroneport.com\/es\/politica-de-cookies\/#primaryimage"},"thumbnailUrl":"https:\/\/training.eudroneport.com\/wp-content\/uploads\/2023\/05\/line.png","datePublished":"2021-10-18T05:29:35+00:00","dateModified":"2025-02-17T09:06:49+00:00","breadcrumb":{"@id":"https:\/\/training.eudroneport.com\/es\/politica-de-cookies\/#breadcrumb"},"inLanguage":"es","potentialAction":[{"@type":"ReadAction","target":["https:\/\/training.eudroneport.com\/es\/politica-de-cookies\/"]}]},{"@type":"ImageObject","inLanguage":"es","@id":"https:\/\/training.eudroneport.com\/es\/politica-de-cookies\/#primaryimage","url":"https:\/\/training.eudroneport.com\/wp-content\/uploads\/2023\/05\/line.png","contentUrl":"https:\/\/training.eudroneport.com\/wp-content\/uploads\/2023\/05\/line.png"},{"@type":"BreadcrumbList","@id":"https:\/\/training.eudroneport.com\/es\/politica-de-cookies\/#breadcrumb","itemListElement":[{"@type":"ListItem","position":1,"name":"Portada","item":"https:\/\/training.eudroneport.com\/"},{"@type":"ListItem","position":2,"name":"Pol\u00edtica de cookies"}]},{"@type":"WebSite","@id":"https:\/\/training.eudroneport.com\/#website","url":"https:\/\/training.eudroneport.com\/","name":"EU Drone Port Training","description":"EU Drone Port Training","publisher":{"@id":"https:\/\/training.eudroneport.com\/#organization"},"potentialAction":[{"@type":"SearchAction","target":{"@type":"EntryPoint","urlTemplate":"https:\/\/training.eudroneport.com\/?s={search_term_string}"},"query-input":{"@type":"PropertyValueSpecification","valueRequired":true,"valueName":"search_term_string"}}],"inLanguage":"es"},{"@type":"Organization","@id":"https:\/\/training.eudroneport.com\/#organization","name":"EU Drone Port Training","url":"https:\/\/training.eudroneport.com\/","logo":{"@type":"ImageObject","inLanguage":"es","@id":"https:\/\/training.eudroneport.com\/#\/schema\/logo\/image\/","url":"https:\/\/training.eudroneport.com\/wp-content\/uploads\/2023\/05\/eu-drone-port-logo.svg","contentUrl":"https:\/\/training.eudroneport.com\/wp-content\/uploads\/2023\/05\/eu-drone-port-logo.svg","width":160,"height":100,"caption":"EU Drone Port Training"},"image":{"@id":"https:\/\/training.eudroneport.com\/#\/schema\/logo\/image\/"}}]}},"_links":{"self":[{"href":"https:\/\/training.eudroneport.com\/es\/wp-json\/wp\/v2\/pages\/3231","targetHints":{"allow":["GET"]}}],"collection":[{"href":"https:\/\/training.eudroneport.com\/es\/wp-json\/wp\/v2\/pages"}],"about":[{"href":"https:\/\/training.eudroneport.com\/es\/wp-json\/wp\/v2\/types\/page"}],"author":[{"embeddable":true,"href":"https:\/\/training.eudroneport.com\/es\/wp-json\/wp\/v2\/users\/1"}],"replies":[{"embeddable":true,"href":"https:\/\/training.eudroneport.com\/es\/wp-json\/wp\/v2\/comments?post=3231"}],"version-history":[{"count":3,"href":"https:\/\/training.eudroneport.com\/es\/wp-json\/wp\/v2\/pages\/3231\/revisions"}],"predecessor-version":[{"id":3238,"href":"https:\/\/training.eudroneport.com\/es\/wp-json\/wp\/v2\/pages\/3231\/revisions\/3238"}],"wp:attachment":[{"href":"https:\/\/training.eudroneport.com\/es\/wp-json\/wp\/v2\/media?parent=3231"}],"curies":[{"name":"wp","href":"https:\/\/api.w.org\/{rel}","templated":true}]}}