{"id":6642,"date":"2021-10-18T07:29:35","date_gmt":"2021-10-18T05:29:35","guid":{"rendered":"https:\/\/training.eudroneport.com\/informativa-sui-cookie\/"},"modified":"2025-06-13T13:05:08","modified_gmt":"2025-06-13T11:05:08","slug":"informativa-sui-cookie","status":"publish","type":"page","link":"https:\/\/training.eudroneport.com\/it\/informativa-sui-cookie\/","title":{"rendered":"Informativa sui cookie"},"content":{"rendered":"\t\t<div data-elementor-type=\"wp-page\" data-elementor-id=\"6642\" class=\"elementor elementor-6642 elementor-99\" data-elementor-post-type=\"page\">\n\t\t\t\t\t\t<section class=\"elementor-section elementor-top-section elementor-element elementor-element-7cd4c4cb elementor-section-boxed elementor-section-height-default elementor-section-height-default\" data-id=\"7cd4c4cb\" data-element_type=\"section\" data-e-type=\"section\">\n\t\t\t\t\t\t<div class=\"elementor-container elementor-column-gap-default\">\n\t\t\t\t\t<div class=\"elementor-column elementor-col-100 elementor-top-column elementor-element elementor-element-122da705\" data-id=\"122da705\" data-element_type=\"column\" data-e-type=\"column\">\n\t\t\t<div class=\"elementor-widget-wrap elementor-element-populated\">\n\t\t\t\t\t\t<div class=\"elementor-element elementor-element-650c7c70 elementor-widget elementor-widget-heading\" data-id=\"650c7c70\" data-element_type=\"widget\" data-e-type=\"widget\" data-widget_type=\"heading.default\">\n\t\t\t\t<div class=\"elementor-widget-container\">\n\t\t\t\t\t<h2 class=\"elementor-heading-title elementor-size-default\">Valutazione del rischio<\/h2>\t\t\t\t<\/div>\n\t\t\t\t<\/div>\n\t\t\t\t<div class=\"elementor-element elementor-element-4de44b42 elementor-widget elementor-widget-image\" data-id=\"4de44b42\" data-element_type=\"widget\" data-e-type=\"widget\" data-widget_type=\"image.default\">\n\t\t\t\t<div class=\"elementor-widget-container\">\n\t\t\t\t\t\t\t\t\t\t\t\t\t\t\t<img decoding=\"async\" width=\"79\" height=\"4\" src=\"https:\/\/training.eudroneport.com\/wp-content\/uploads\/2023\/05\/line.png\" class=\"attachment-full size-full wp-image-469\" alt=\"\" \/>\t\t\t\t\t\t\t\t\t\t\t\t\t\t\t<\/div>\n\t\t\t\t<\/div>\n\t\t\t\t<div class=\"elementor-element elementor-element-3cc87c38 elementor-widget elementor-widget-text-editor\" data-id=\"3cc87c38\" data-element_type=\"widget\" data-e-type=\"widget\" data-widget_type=\"text-editor.default\">\n\t\t\t\t<div class=\"elementor-widget-container\">\n\t\t\t\t\t\t\t\t\t<p>Se vuoi saperne di pi\u00f9 sull \u201cuso dei cookie da parte di questo sito web <strong>www.eudroneport.com,<\/strong> sei nel posto giusto. Di seguito ti spiegheremo esattamente cosa sono i cookie, quali tipi di cookie utilizziamo e per quali scopi e come puoi esercitare il tuo diritto di configurare il tuo browser e disabilitare l\u201d uso di uno qualsiasi di essi. <\/p><p> <\/p><p>Naturalmente, devi sapere che se decidi di non utilizzare alcuni cookie, questo sito web potrebbe non funzionare perfettamente, compromettendo la tua esperienza d&#8217;uso.<\/p>\t\t\t\t\t\t\t\t<\/div>\n\t\t\t\t<\/div>\n\t\t\t\t<div class=\"elementor-element elementor-element-35831b43 elementor-widget elementor-widget-heading\" data-id=\"35831b43\" data-element_type=\"widget\" data-e-type=\"widget\" data-widget_type=\"heading.default\">\n\t\t\t\t<div class=\"elementor-widget-container\">\n\t\t\t\t\t<h2 class=\"elementor-heading-title elementor-size-default\">Che cos'\u00e8 un biscotto?<\/h2>\t\t\t\t<\/div>\n\t\t\t\t<\/div>\n\t\t\t\t<div class=\"elementor-element elementor-element-14671755 elementor-widget elementor-widget-image\" data-id=\"14671755\" data-element_type=\"widget\" data-e-type=\"widget\" data-widget_type=\"image.default\">\n\t\t\t\t<div class=\"elementor-widget-container\">\n\t\t\t\t\t\t\t\t\t\t\t\t\t\t\t<img decoding=\"async\" width=\"79\" height=\"4\" src=\"https:\/\/training.eudroneport.com\/wp-content\/uploads\/2023\/05\/line.png\" class=\"attachment-full size-full wp-image-469\" alt=\"\" \/>\t\t\t\t\t\t\t\t\t\t\t\t\t\t\t<\/div>\n\t\t\t\t<\/div>\n\t\t\t\t<div class=\"elementor-element elementor-element-1ab9761a elementor-widget elementor-widget-text-editor\" data-id=\"1ab9761a\" data-element_type=\"widget\" data-e-type=\"widget\" data-widget_type=\"text-editor.default\">\n\t\t\t\t<div class=\"elementor-widget-container\">\n\t\t\t\t\t\t\t\t\t<p>Un cookie \u00e8 un file che viene scaricato sul tuo computer quando accedi a determinate pagine web o blog.<\/p><p> <\/p><p>I cookie consentono a questa pagina, tra le altre cose, di memorizzare e recuperare informazioni sulle tue abitudini di navigazione o sul tuo computer e, a seconda delle informazioni che contengono e di come utilizzi il tuo computer, possono essere utilizzati per riconoscerti.<\/p><p> <\/p><p>Il browser dell&#8217;utente memorizza i cookie sul disco rigido solo durante la sessione corrente, occupando uno spazio di memoria minimo e non danneggiando il computer. I cookie non contengono alcun tipo di informazione personale specifica e la maggior parte di essi viene cancellata dal disco rigido al termine della sessione del browser (i cosiddetti cookie di sessione). <\/p><p> <\/p><p>La maggior parte dei browser accetta i cookie come standard e, indipendentemente da questi, consente o impedisce i cookie temporanei o memorizzati nelle impostazioni di sicurezza.<\/p><p> <\/p><p>I cookie sono associati al browser, non alla persona, quindi di solito non memorizzano informazioni sensibili sull&#8217;utente come carte di credito o dati bancari, foto o informazioni personali, ecc. I dati che memorizzano sono di natura tecnica, statistica, preferenze personali, personalizzazione dei contenuti, ecc. <\/p>\t\t\t\t\t\t\t\t<\/div>\n\t\t\t\t<\/div>\n\t\t\t\t<div class=\"elementor-element elementor-element-5e870585 elementor-widget elementor-widget-heading\" data-id=\"5e870585\" data-element_type=\"widget\" data-e-type=\"widget\" data-widget_type=\"heading.default\">\n\t\t\t\t<div class=\"elementor-widget-container\">\n\t\t\t\t\t<h2 class=\"elementor-heading-title elementor-size-default\">Accettazione dei cookie: Normativa vigente<\/h2>\t\t\t\t<\/div>\n\t\t\t\t<\/div>\n\t\t\t\t<div class=\"elementor-element elementor-element-4c0c15c3 elementor-widget elementor-widget-image\" data-id=\"4c0c15c3\" data-element_type=\"widget\" data-e-type=\"widget\" data-widget_type=\"image.default\">\n\t\t\t\t<div class=\"elementor-widget-container\">\n\t\t\t\t\t\t\t\t\t\t\t\t\t\t\t<img decoding=\"async\" width=\"79\" height=\"4\" src=\"https:\/\/training.eudroneport.com\/wp-content\/uploads\/2023\/05\/line.png\" class=\"attachment-full size-full wp-image-469\" alt=\"\" \/>\t\t\t\t\t\t\t\t\t\t\t\t\t\t\t<\/div>\n\t\t\t\t<\/div>\n\t\t\t\t<div class=\"elementor-element elementor-element-741a8145 elementor-widget elementor-widget-text-editor\" data-id=\"741a8145\" data-element_type=\"widget\" data-e-type=\"widget\" data-widget_type=\"text-editor.default\">\n\t\t\t\t<div class=\"elementor-widget-container\">\n\t\t\t\t\t\t\t\t\t<p>Accedendo a questo sito web, e in conformit\u00e0 con la normativa vigente in materia di protezione dei dati, ti informiamo dell&#8217;utilizzo dei cookie, dandoti la possibilit\u00e0 di accettarli espressamente e di accedere a ulteriori informazioni attraverso la presente Cookie Policy.<\/p><p> <\/p><p>Se continui a navigare, acconsenti all \u201cuso di questi cookie. Tuttavia, in qualsiasi momento, puoi cambiare idea e bloccarne l\u201d utilizzo attraverso il tuo browser. <\/p><p> <\/p><p>Per la tua completa tranquillit\u00e0, questo sito web rispetta le disposizioni della normativa vigente in materia di utilizzo dei cookie e dei tuoi dati personali:<\/p><p> <\/p><p><strong>Il Regolamento LSSI-CE (Legge sulla Societ\u00e0 dell&#8217;Informazione e sul Commercio Elettronico)<\/strong><\/p><p> <\/p><p><strong>Il RGPD (Regolamento (UE) 2016\/679 del Parlamento Europeo e del Consiglio del 27 aprile 2016 relativo alla protezione delle persone fisiche)<\/strong>, che unifica la regolamentazione del trattamento dei dati personali nei paesi dell&#8217;UE.<\/p><p> <\/p><p>La presente Politica sui Cookies pu\u00f2 essere modificata in qualsiasi momento per adattarsi a nuove normative o cambiamenti nelle nostre attivit\u00e0, essendo in vigore in qualsiasi momento pubblicata sul sito web.<\/p>\t\t\t\t\t\t\t\t<\/div>\n\t\t\t\t<\/div>\n\t\t\t\t<div class=\"elementor-element elementor-element-1da58276 elementor-widget elementor-widget-heading\" data-id=\"1da58276\" data-element_type=\"widget\" data-e-type=\"widget\" data-widget_type=\"heading.default\">\n\t\t\t\t<div class=\"elementor-widget-container\">\n\t\t\t\t\t<h2 class=\"elementor-heading-title elementor-size-default\">Tipi di cookie<\/h2>\t\t\t\t<\/div>\n\t\t\t\t<\/div>\n\t\t\t\t<div class=\"elementor-element elementor-element-7a25738 elementor-widget elementor-widget-image\" data-id=\"7a25738\" data-element_type=\"widget\" data-e-type=\"widget\" data-widget_type=\"image.default\">\n\t\t\t\t<div class=\"elementor-widget-container\">\n\t\t\t\t\t\t\t\t\t\t\t\t\t\t\t<img decoding=\"async\" width=\"79\" height=\"4\" src=\"https:\/\/training.eudroneport.com\/wp-content\/uploads\/2023\/05\/line.png\" class=\"attachment-full size-full wp-image-469\" alt=\"\" \/>\t\t\t\t\t\t\t\t\t\t\t\t\t\t\t<\/div>\n\t\t\t\t<\/div>\n\t\t\t\t<div class=\"elementor-element elementor-element-3326bfe0 elementor-widget elementor-widget-text-editor\" data-id=\"3326bfe0\" data-element_type=\"widget\" data-e-type=\"widget\" data-widget_type=\"text-editor.default\">\n\t\t\t\t<div class=\"elementor-widget-container\">\n\t\t\t\t\t\t\t\t\t<p>Per offrirti una migliore esperienza utente, ottenere dati analitici, memorizzare e recuperare informazioni sulle tue abitudini di navigazione o sul tuo computer e sviluppare la tua attivit\u00e0, questo sito web cideyeg.es, utilizza cookie propri e di terzi.<\/p><p> <\/p><p>Quali tipi di cookie utilizza questo sito web?<\/p><p> <\/p><ul><li><strong>Cookie tecnici:<\/strong> Sono quelli che permettono all&#8217;utente di navigare all&#8217;interno di un sito web, di una piattaforma o di un&#8217;applicazione e di utilizzare le diverse opzioni o i servizi presenti al suo interno come, ad esempio, controllare il traffico e la comunicazione dei dati, identificare la sessione, accedere a parti ad accesso limitato, ricordare gli elementi che compongono un ordine, eseguire il processo di acquisto di un ordine, richiedere la registrazione o la partecipazione a un evento, utilizzare le funzioni di sicurezza durante la navigazione, memorizzare i contenuti per lo streaming di video o audio o condividere i contenuti tramite i social media.<\/li><\/ul><p> <\/p><ul><li><strong>Cookie di personalizzazione:<\/strong> Sono quelli che permettono all \u201cutente di accedere al servizio con alcune caratteristiche generali predefinite in base a una serie di criteri presenti nel terminale dell\u201d utente, come la lingua, il tipo di browser attraverso il quale si accede al servizio, le impostazioni regionali da cui si accede al servizio e cos\u00ec via.<\/li><\/ul><p> <\/p><ul><li><strong>Cookie di analisi:<\/strong> Sono quelli trattati da noi o da terzi, che ci permettono di quantificare il numero di utenti e quindi di effettuare la misurazione e l \u201canalisi statistica dell\u201d uso che gli utenti fanno del servizio offerto. A tal fine, analizziamo la tua navigazione sul nostro sito web al fine di migliorare la gamma di prodotti o servizi offerti. <\/li><\/ul><p> <\/p><ul><li><strong>Cookie pubblicitari:<\/strong> Sono quelli che, trattati da noi o da terzi, ci permettono di gestire nel modo pi\u00f9 efficiente possibile l&#8217;offerta di spazi pubblicitari sul sito web, adattando il contenuto dell&#8217;annuncio al contenuto del servizio richiesto o al tuo utilizzo del nostro sito web. A tal fine, possiamo analizzare le tue abitudini di navigazione in internet e mostrarti pubblicit\u00e0 correlate al tuo profilo di navigazione.<br>Cookie di pubblicit\u00e0 comportamentale: Sono quelli che permettono di gestire, nel modo pi\u00f9 efficiente possibile, gli spazi pubblicitari che, se del caso, l&#8217;editore ha inserito in un sito web, un&#8217;applicazione o una piattaforma da cui fornisce esclusivamente il servizio. &#8211; Bid. Questi cookie memorizzano informazioni sul comportamento degli utenti ottenute attraverso l&#8217;osservazione continua delle loro abitudini di navigazione, che consentono di sviluppare un profilo specifico per visualizzare pubblicit\u00e0 basate su di esso.   <\/li><\/ul><p> <\/p><ul><li><strong>Cookie di terze parti:<\/strong> Questo sito web <strong>eudroneport.com<\/strong> pu\u00f2 utilizzare servizi di terze parti che, per conto di Google, raccolgono informazioni a fini statistici, per l&#8217;utilizzo del sito da parte dell&#8217;utente e per la fornitura di altri servizi legati all&#8217;attivit\u00e0 del sito web e ad altri servizi Internet.<\/li><\/ul><p> <\/p><p>In particolare, questo sito web utilizza Google Analytics, un servizio di analisi web fornito da Google, Inc. domiciliata negli Stati Uniti con sede al 1600 Amphitheater Parkway, Mountain View, California 94043. Per la fornitura di questi servizi, Google utilizza dei cookie che raccolgono informazioni, tra cui l&#8217;indirizzo IP dell&#8217;utente, che verranno trasmesse, elaborate e memorizzate da Google nei termini stabiliti sul sito web Google.com. Ci\u00f2 include l&#8217;eventuale trasmissione di queste informazioni a terzi per motivi legali o quando tali terzi elaborano le informazioni per conto di Google.  <\/p>\t\t\t\t\t\t\t\t<\/div>\n\t\t\t\t<\/div>\n\t\t\t\t<div class=\"elementor-element elementor-element-63ccbde8 elementor-widget elementor-widget-heading\" data-id=\"63ccbde8\" data-element_type=\"widget\" data-e-type=\"widget\" data-widget_type=\"heading.default\">\n\t\t\t\t<div class=\"elementor-widget-container\">\n\t\t\t\t\t<h2 class=\"elementor-heading-title elementor-size-default\">Gestire e rifiutare l'uso dei cookie<\/h2>\t\t\t\t<\/div>\n\t\t\t\t<\/div>\n\t\t\t\t<div class=\"elementor-element elementor-element-63aa3dc0 elementor-widget elementor-widget-image\" data-id=\"63aa3dc0\" data-element_type=\"widget\" data-e-type=\"widget\" data-widget_type=\"image.default\">\n\t\t\t\t<div class=\"elementor-widget-container\">\n\t\t\t\t\t\t\t\t\t\t\t\t\t\t\t<img decoding=\"async\" width=\"79\" height=\"4\" src=\"https:\/\/training.eudroneport.com\/wp-content\/uploads\/2023\/05\/line.png\" class=\"attachment-full size-full wp-image-469\" alt=\"\" \/>\t\t\t\t\t\t\t\t\t\t\t\t\t\t\t<\/div>\n\t\t\t\t<\/div>\n\t\t\t\t<div class=\"elementor-element elementor-element-69faf2d7 elementor-widget elementor-widget-text-editor\" data-id=\"69faf2d7\" data-element_type=\"widget\" data-e-type=\"widget\" data-widget_type=\"text-editor.default\">\n\t\t\t\t<div class=\"elementor-widget-container\">\n\t\t\t\t\t\t\t\t\t<p>In qualsiasi momento, puoi regolare le impostazioni del tuo browser per gestire, disattivare l&#8217;uso dei cookie e ricevere una notifica prima che vengano scaricati.<\/p><p> <\/p><p>Puoi anche regolare le impostazioni in modo che il browser rifiuti tutti i cookie o solo quelli di terze parti. Puoi anche eliminare i cookie gi\u00e0 presenti sul tuo computer. <\/p><p>Per fare ci\u00f2, devi tenere presente che devi regolare separatamente le impostazioni di ogni browser e computer che utilizzi perch\u00e9, come abbiamo detto sopra, i cookie sono associati al browser, non alla persona.<\/p><p> <\/p><p style=\"padding-left: 40px;\">Google Chrome<\/p><p style=\"padding-left: 40px;\">Internet Explorer<\/p><p style=\"padding-left: 40px;\">Mozilla Firefox<\/p><p style=\"padding-left: 40px;\">Apple Safari<\/p><p> <\/p><p>In caso di domande sulla presente Politica sui Cookie, puoi contattarci inviando un&#8217;e-mail a <strong>marc@eudroneport.com<\/strong>.<\/p>\t\t\t\t\t\t\t\t<\/div>\n\t\t\t\t<\/div>\n\t\t\t\t\t<\/div>\n\t\t<\/div>\n\t\t\t\t\t<\/div>\n\t\t<\/section>\n\t\t\t\t<\/div>\n\t\t","protected":false},"excerpt":{"rendered":"<p>Valutazione del rischio Se vuoi saperne di pi\u00f9 sull \u201cuso dei cookie da parte di questo sito web www.eudroneport.com, sei nel posto giusto. Di seguito ti spiegheremo esattamente cosa sono i cookie, quali tipi di cookie utilizziamo e per quali scopi e come puoi esercitare il tuo diritto di configurare il tuo browser e disabilitare [&hellip;]<\/p>\n","protected":false},"author":1,"featured_media":0,"parent":0,"menu_order":0,"comment_status":"closed","ping_status":"closed","template":"","meta":{"_acf_changed":false,"inline_featured_image":false,"_monsterinsights_skip_tracking":false,"_monsterinsights_sitenote_active":false,"_monsterinsights_sitenote_note":"","_monsterinsights_sitenote_category":0,"footnotes":""},"class_list":["post-6642","page","type-page","status-publish","hentry"],"acf":[],"yoast_head":"<!-- This site is optimized with the Yoast SEO plugin v27.3 - https:\/\/yoast.com\/product\/yoast-seo-wordpress\/ -->\n<title>Informativa sui cookie - EU Drone Port Training<\/title>\n<meta name=\"robots\" content=\"index, follow, max-snippet:-1, max-image-preview:large, max-video-preview:-1\" \/>\n<link rel=\"canonical\" href=\"https:\/\/training.eudroneport.com\/it\/?page_id=6642\" \/>\n<meta property=\"og:locale\" content=\"it_IT\" \/>\n<meta property=\"og:type\" content=\"article\" \/>\n<meta property=\"og:title\" content=\"Informativa sui cookie - EU Drone Port Training\" \/>\n<meta property=\"og:description\" content=\"Valutazione del rischio Se vuoi saperne di pi\u00f9 sull \u201cuso dei cookie da parte di questo sito web www.eudroneport.com, sei nel posto giusto. Di seguito ti spiegheremo esattamente cosa sono i cookie, quali tipi di cookie utilizziamo e per quali scopi e come puoi esercitare il tuo diritto di configurare il tuo browser e disabilitare [&hellip;]\" \/>\n<meta property=\"og:url\" content=\"https:\/\/training.eudroneport.com\/it\/?page_id=6642\" \/>\n<meta property=\"og:site_name\" content=\"EU Drone Port Training\" \/>\n<meta property=\"article:modified_time\" content=\"2025-06-13T11:05:08+00:00\" \/>\n<meta property=\"og:image\" content=\"https:\/\/training.eudroneport.com\/wp-content\/uploads\/2023\/05\/line.png\" \/>\n<meta name=\"twitter:card\" content=\"summary_large_image\" \/>\n<meta name=\"twitter:label1\" content=\"Tempo di lettura stimato\" \/>\n\t<meta name=\"twitter:data1\" content=\"6 minuti\" \/>\n<script type=\"application\/ld+json\" class=\"yoast-schema-graph\">{\"@context\":\"https:\\\/\\\/schema.org\",\"@graph\":[{\"@type\":\"WebPage\",\"@id\":\"https:\\\/\\\/training.eudroneport.com\\\/it\\\/?page_id=6642\",\"url\":\"https:\\\/\\\/training.eudroneport.com\\\/it\\\/?page_id=6642\",\"name\":\"Informativa sui cookie - EU Drone Port Training\",\"isPartOf\":{\"@id\":\"https:\\\/\\\/training.eudroneport.com\\\/#website\"},\"primaryImageOfPage\":{\"@id\":\"https:\\\/\\\/training.eudroneport.com\\\/it\\\/?page_id=6642#primaryimage\"},\"image\":{\"@id\":\"https:\\\/\\\/training.eudroneport.com\\\/it\\\/?page_id=6642#primaryimage\"},\"thumbnailUrl\":\"https:\\\/\\\/training.eudroneport.com\\\/wp-content\\\/uploads\\\/2023\\\/05\\\/line.png\",\"datePublished\":\"2021-10-18T05:29:35+00:00\",\"dateModified\":\"2025-06-13T11:05:08+00:00\",\"breadcrumb\":{\"@id\":\"https:\\\/\\\/training.eudroneport.com\\\/it\\\/?page_id=6642#breadcrumb\"},\"inLanguage\":\"it-IT\",\"potentialAction\":[{\"@type\":\"ReadAction\",\"target\":[\"https:\\\/\\\/training.eudroneport.com\\\/it\\\/?page_id=6642\"]}]},{\"@type\":\"ImageObject\",\"inLanguage\":\"it-IT\",\"@id\":\"https:\\\/\\\/training.eudroneport.com\\\/it\\\/?page_id=6642#primaryimage\",\"url\":\"https:\\\/\\\/training.eudroneport.com\\\/wp-content\\\/uploads\\\/2023\\\/05\\\/line.png\",\"contentUrl\":\"https:\\\/\\\/training.eudroneport.com\\\/wp-content\\\/uploads\\\/2023\\\/05\\\/line.png\"},{\"@type\":\"BreadcrumbList\",\"@id\":\"https:\\\/\\\/training.eudroneport.com\\\/it\\\/?page_id=6642#breadcrumb\",\"itemListElement\":[{\"@type\":\"ListItem\",\"position\":1,\"name\":\"Portada\",\"item\":\"https:\\\/\\\/training.eudroneport.com\\\/\"},{\"@type\":\"ListItem\",\"position\":2,\"name\":\"Informativa sui cookie\"}]},{\"@type\":\"WebSite\",\"@id\":\"https:\\\/\\\/training.eudroneport.com\\\/#website\",\"url\":\"https:\\\/\\\/training.eudroneport.com\\\/\",\"name\":\"EU Drone Port Training\",\"description\":\"EU Drone Port Training\",\"publisher\":{\"@id\":\"https:\\\/\\\/training.eudroneport.com\\\/#organization\"},\"potentialAction\":[{\"@type\":\"SearchAction\",\"target\":{\"@type\":\"EntryPoint\",\"urlTemplate\":\"https:\\\/\\\/training.eudroneport.com\\\/?s={search_term_string}\"},\"query-input\":{\"@type\":\"PropertyValueSpecification\",\"valueRequired\":true,\"valueName\":\"search_term_string\"}}],\"inLanguage\":\"it-IT\"},{\"@type\":\"Organization\",\"@id\":\"https:\\\/\\\/training.eudroneport.com\\\/#organization\",\"name\":\"EU Drone Port Training\",\"url\":\"https:\\\/\\\/training.eudroneport.com\\\/\",\"logo\":{\"@type\":\"ImageObject\",\"inLanguage\":\"it-IT\",\"@id\":\"https:\\\/\\\/training.eudroneport.com\\\/#\\\/schema\\\/logo\\\/image\\\/\",\"url\":\"https:\\\/\\\/training.eudroneport.com\\\/wp-content\\\/uploads\\\/2023\\\/05\\\/eu-drone-port-logo.svg\",\"contentUrl\":\"https:\\\/\\\/training.eudroneport.com\\\/wp-content\\\/uploads\\\/2023\\\/05\\\/eu-drone-port-logo.svg\",\"width\":160,\"height\":100,\"caption\":\"EU Drone Port Training\"},\"image\":{\"@id\":\"https:\\\/\\\/training.eudroneport.com\\\/#\\\/schema\\\/logo\\\/image\\\/\"}}]}<\/script>\n<!-- \/ Yoast SEO plugin. -->","yoast_head_json":{"title":"Informativa sui cookie - EU Drone Port Training","robots":{"index":"index","follow":"follow","max-snippet":"max-snippet:-1","max-image-preview":"max-image-preview:large","max-video-preview":"max-video-preview:-1"},"canonical":"https:\/\/training.eudroneport.com\/it\/?page_id=6642","og_locale":"it_IT","og_type":"article","og_title":"Informativa sui cookie - EU Drone Port Training","og_description":"Valutazione del rischio Se vuoi saperne di pi\u00f9 sull \u201cuso dei cookie da parte di questo sito web www.eudroneport.com, sei nel posto giusto. Di seguito ti spiegheremo esattamente cosa sono i cookie, quali tipi di cookie utilizziamo e per quali scopi e come puoi esercitare il tuo diritto di configurare il tuo browser e disabilitare [&hellip;]","og_url":"https:\/\/training.eudroneport.com\/it\/?page_id=6642","og_site_name":"EU Drone Port Training","article_modified_time":"2025-06-13T11:05:08+00:00","og_image":[{"url":"https:\/\/training.eudroneport.com\/wp-content\/uploads\/2023\/05\/line.png","type":"","width":"","height":""}],"twitter_card":"summary_large_image","twitter_misc":{"Tempo di lettura stimato":"6 minuti"},"schema":{"@context":"https:\/\/schema.org","@graph":[{"@type":"WebPage","@id":"https:\/\/training.eudroneport.com\/it\/?page_id=6642","url":"https:\/\/training.eudroneport.com\/it\/?page_id=6642","name":"Informativa sui cookie - EU Drone Port Training","isPartOf":{"@id":"https:\/\/training.eudroneport.com\/#website"},"primaryImageOfPage":{"@id":"https:\/\/training.eudroneport.com\/it\/?page_id=6642#primaryimage"},"image":{"@id":"https:\/\/training.eudroneport.com\/it\/?page_id=6642#primaryimage"},"thumbnailUrl":"https:\/\/training.eudroneport.com\/wp-content\/uploads\/2023\/05\/line.png","datePublished":"2021-10-18T05:29:35+00:00","dateModified":"2025-06-13T11:05:08+00:00","breadcrumb":{"@id":"https:\/\/training.eudroneport.com\/it\/?page_id=6642#breadcrumb"},"inLanguage":"it-IT","potentialAction":[{"@type":"ReadAction","target":["https:\/\/training.eudroneport.com\/it\/?page_id=6642"]}]},{"@type":"ImageObject","inLanguage":"it-IT","@id":"https:\/\/training.eudroneport.com\/it\/?page_id=6642#primaryimage","url":"https:\/\/training.eudroneport.com\/wp-content\/uploads\/2023\/05\/line.png","contentUrl":"https:\/\/training.eudroneport.com\/wp-content\/uploads\/2023\/05\/line.png"},{"@type":"BreadcrumbList","@id":"https:\/\/training.eudroneport.com\/it\/?page_id=6642#breadcrumb","itemListElement":[{"@type":"ListItem","position":1,"name":"Portada","item":"https:\/\/training.eudroneport.com\/"},{"@type":"ListItem","position":2,"name":"Informativa sui cookie"}]},{"@type":"WebSite","@id":"https:\/\/training.eudroneport.com\/#website","url":"https:\/\/training.eudroneport.com\/","name":"EU Drone Port Training","description":"EU Drone Port Training","publisher":{"@id":"https:\/\/training.eudroneport.com\/#organization"},"potentialAction":[{"@type":"SearchAction","target":{"@type":"EntryPoint","urlTemplate":"https:\/\/training.eudroneport.com\/?s={search_term_string}"},"query-input":{"@type":"PropertyValueSpecification","valueRequired":true,"valueName":"search_term_string"}}],"inLanguage":"it-IT"},{"@type":"Organization","@id":"https:\/\/training.eudroneport.com\/#organization","name":"EU Drone Port Training","url":"https:\/\/training.eudroneport.com\/","logo":{"@type":"ImageObject","inLanguage":"it-IT","@id":"https:\/\/training.eudroneport.com\/#\/schema\/logo\/image\/","url":"https:\/\/training.eudroneport.com\/wp-content\/uploads\/2023\/05\/eu-drone-port-logo.svg","contentUrl":"https:\/\/training.eudroneport.com\/wp-content\/uploads\/2023\/05\/eu-drone-port-logo.svg","width":160,"height":100,"caption":"EU Drone Port Training"},"image":{"@id":"https:\/\/training.eudroneport.com\/#\/schema\/logo\/image\/"}}]}},"_links":{"self":[{"href":"https:\/\/training.eudroneport.com\/it\/wp-json\/wp\/v2\/pages\/6642","targetHints":{"allow":["GET"]}}],"collection":[{"href":"https:\/\/training.eudroneport.com\/it\/wp-json\/wp\/v2\/pages"}],"about":[{"href":"https:\/\/training.eudroneport.com\/it\/wp-json\/wp\/v2\/types\/page"}],"author":[{"embeddable":true,"href":"https:\/\/training.eudroneport.com\/it\/wp-json\/wp\/v2\/users\/1"}],"replies":[{"embeddable":true,"href":"https:\/\/training.eudroneport.com\/it\/wp-json\/wp\/v2\/comments?post=6642"}],"version-history":[{"count":2,"href":"https:\/\/training.eudroneport.com\/it\/wp-json\/wp\/v2\/pages\/6642\/revisions"}],"predecessor-version":[{"id":6644,"href":"https:\/\/training.eudroneport.com\/it\/wp-json\/wp\/v2\/pages\/6642\/revisions\/6644"}],"wp:attachment":[{"href":"https:\/\/training.eudroneport.com\/it\/wp-json\/wp\/v2\/media?parent=6642"}],"curies":[{"name":"wp","href":"https:\/\/api.w.org\/{rel}","templated":true}]}}